{"id":32579,"date":"2022-10-20T12:59:30","date_gmt":"2022-10-20T12:59:30","guid":{"rendered":"https:\/\/www.filex.nl\/product\/power-spot-french-socket-incl-usb-a-c-charge-en-usb-c-data-extension\/"},"modified":"2025-04-30T13:09:17","modified_gmt":"2025-04-30T13:09:17","slug":"power-spot-prise-francaise-incluant-usb-a-c-charge-et-usb-c-extension","status":"publish","type":"product","link":"https:\/\/www.filex.nl\/fr\/produit\/power-spot-prise-francaise-incluant-usb-a-c-charge-et-usb-c-extension\/","title":{"rendered":"Power-Spot\u00ae (Prise Fran\u00e7aise) &#8211; Incluant USB A + C Charge et USB C extension"},"content":{"rendered":"<p>Le Power-Spot\u00ae. Joliment et proprement dissimul\u00e9 dans n&#8217;importe quel bureau, \u00e0 la maison ou au travail.<br \/>\nGr\u00e2ce \u00e0 son design moderne et fin, cette unit\u00e9 d&#8217;\u00e9lectrification s&#8217;int\u00e8gre parfaitement dans chaque bureau et vous offre en m\u00eame temps toutes les connexions les plus fr\u00e9quemment utilis\u00e9es !<br \/>\nCe Power-Spot\u00ae est un appareil rond \u00e0 encastrer, \u00e9quip\u00e9 d&#8217;une prise 230V (prise fran\u00e7aise), d&#8217;un chargeur USB A+C et d&#8217;une extension USB C. Avec l&#8217;extension de donn\u00e9es USB C, vous pouvez ajouter une alimentation USB sous votre bureau pour un autre appareil. Par exemple, votre adaptateur d&#8217;alimentation externe pour votre ordinateur portable ou le port USB de votre PC.<br \/>\nLe Power-Spot\u00ae\u00a0 a une taille int\u00e9gr\u00e9e de \u00d860mm et est livr\u00e9 en standard avec un c\u00e2ble de 2 m\u00e8tres avec une fiche de s\u00e9curit\u00e9. Pratique, car cela signifie que vous n&#8217;avez pas besoin de commander un c\u00e2ble de connexion avant de pouvoir commencer \u00e0 l&#8217;utiliser et que vous pouvez brancher l&#8217;unit\u00e9 directement dans la prise murale !<br \/>\nDisponible en noir et blanc.<\/p>\n","protected":false},"excerpt":{"rendered":"<p>Le Power-Spot\u00ae avec non seulement USB A et C Charge, mais aussi USB C extension ! En achetant cette unit\u00e9 d&#8217;\u00e9lectrification int\u00e9gr\u00e9e, vous ne pouvez plus vous tromper ! Cette unit\u00e9 int\u00e9gr\u00e9e est magnifiquement encastr\u00e9e dans votre poste de travail ou votre table de conf\u00e9rence et r\u00e9pond \u00e0 tous vos besoins !<\/p>\n","protected":false},"featured_media":54788,"template":"","meta":{"_acf_changed":false},"product_brand":[],"product_cat":[656,566],"product_tag":[],"class_list":{"0":"post-32579","1":"product","2":"type-product","3":"status-publish","4":"has-post-thumbnail","6":"product_cat-electrification-power-spot","7":"product_cat-electrification","8":"pa_kleur-blanc","9":"pa_kleur-noir","11":"first","12":"instock","13":"shipping-taxable","14":"purchasable","15":"product-type-variable","16":"has-default-attributes"},"acf":[],"_links":{"self":[{"href":"https:\/\/www.filex.nl\/fr\/wp-json\/wp\/v2\/product\/32579","targetHints":{"allow":["GET"]}}],"collection":[{"href":"https:\/\/www.filex.nl\/fr\/wp-json\/wp\/v2\/product"}],"about":[{"href":"https:\/\/www.filex.nl\/fr\/wp-json\/wp\/v2\/types\/product"}],"wp:featuredmedia":[{"embeddable":true,"href":"https:\/\/www.filex.nl\/fr\/wp-json\/wp\/v2\/media\/54788"}],"wp:attachment":[{"href":"https:\/\/www.filex.nl\/fr\/wp-json\/wp\/v2\/media?parent=32579"}],"wp:term":[{"taxonomy":"product_brand","embeddable":true,"href":"https:\/\/www.filex.nl\/fr\/wp-json\/wp\/v2\/product_brand?post=32579"},{"taxonomy":"product_cat","embeddable":true,"href":"https:\/\/www.filex.nl\/fr\/wp-json\/wp\/v2\/product_cat?post=32579"},{"taxonomy":"product_tag","embeddable":true,"href":"https:\/\/www.filex.nl\/fr\/wp-json\/wp\/v2\/product_tag?post=32579"}],"curies":[{"name":"wp","href":"https:\/\/api.w.org\/{rel}","templated":true}]}}