{"id":32588,"date":"2022-10-20T12:58:01","date_gmt":"2022-10-20T12:58:01","guid":{"rendered":"https:\/\/www.filex.nl\/product\/power-spot-egst-incl-usb-a-c-charge-5-0v-3-1a-25w-en-usb-c-data-extension\/"},"modified":"2025-04-30T13:07:17","modified_gmt":"2025-04-30T13:07:17","slug":"power-spot-incl-usb-a-c-charge-5-0v-3-1a-25w-et-usb-c-extension","status":"publish","type":"product","link":"https:\/\/www.filex.nl\/fr\/produit\/power-spot-incl-usb-a-c-charge-5-0v-3-1a-25w-et-usb-c-extension\/","title":{"rendered":"Power-Spot\u00ae Incl. USB A + C Charge (5.0V &#8211; 3.1A &#8211; 25W) et USB C extension"},"content":{"rendered":"<p>Le Power-Spot\u00ae. Joliment et proprement dissimul\u00e9 dans chaque bureau, \u00e0 la maison ou au bureau.<br \/>\nGr\u00e2ce \u00e0 son design moderne et fin, cette unit\u00e9 d&#8217;\u00e9lectrification s&#8217;encastre joliment dans chaque bureau et vous avez en m\u00eame temps toutes les connexions les plus fr\u00e9quemment utilis\u00e9es \u00e0 port\u00e9e de main !<br \/>\nCe Power-Spot\u00ae est une unit\u00e9 ronde encastr\u00e9e, \u00e9quip\u00e9e d&#8217;une connexion 230V, d&#8217;un chargeur USB A+C et d&#8217;une extension USB C. Gr\u00e2ce \u00e0 l&#8217;extension USB C Charge, vous pouvez utiliser le chargeur USB C dans votre bureau. Avec l&#8217;extension de charge USB C, vous pouvez ajouter une alimentation USB pour un autre appareil depuis le dessous de votre bureau. Par exemple, votre adaptateur d&#8217;alimentation externe pour votre ordinateur portable ou le port USB de votre PC.<br \/>\nLe Power-Spot\u00ae a une taille int\u00e9gr\u00e9e de \u00d860mm et est livr\u00e9 en standard avec un c\u00e2ble de 1,7 m\u00e8tre avec une prise c<span data-teams=\"true\">onnecteur enfichable 3 p\u00f4les<\/span>. Pratique, car cela vous permet de vous interconnecter facilement ! Cette unit\u00e9 peut \u00e9galement \u00eatre command\u00e9e avec une prise Schuko.<br \/>\nDisponible en noir et blanc.<\/p>\n","protected":false},"excerpt":{"rendered":"<p>Le Power-Spot\u00ae avec non seulement une charge USB A et C, mais aussi une extension USB C ! En achetant cette unit\u00e9 d&#8217;\u00e9lectrification int\u00e9gr\u00e9e, vous ne pouvez plus vous tromper ! Magnifiquement encastr\u00e9e dans votre poste de travail ou votre table de conf\u00e9rence, cette unit\u00e9 encastr\u00e9e r\u00e9pondra \u00e0 tous vos besoins !<\/p>\n","protected":false},"featured_media":64468,"template":"","meta":{"_acf_changed":false},"product_brand":[],"product_cat":[656,566,569],"product_tag":[],"class_list":{"0":"post-32588","1":"product","2":"type-product","3":"status-publish","4":"has-post-thumbnail","6":"product_cat-electrification-power-spot","7":"product_cat-electrification","8":"product_cat-inbouw-fr","9":"pa_kleur-blanc","10":"pa_kleur-noir","12":"first","13":"instock","14":"shipping-taxable","15":"purchasable","16":"product-type-variable","17":"has-default-attributes"},"acf":[],"_links":{"self":[{"href":"https:\/\/www.filex.nl\/fr\/wp-json\/wp\/v2\/product\/32588","targetHints":{"allow":["GET"]}}],"collection":[{"href":"https:\/\/www.filex.nl\/fr\/wp-json\/wp\/v2\/product"}],"about":[{"href":"https:\/\/www.filex.nl\/fr\/wp-json\/wp\/v2\/types\/product"}],"wp:featuredmedia":[{"embeddable":true,"href":"https:\/\/www.filex.nl\/fr\/wp-json\/wp\/v2\/media\/64468"}],"wp:attachment":[{"href":"https:\/\/www.filex.nl\/fr\/wp-json\/wp\/v2\/media?parent=32588"}],"wp:term":[{"taxonomy":"product_brand","embeddable":true,"href":"https:\/\/www.filex.nl\/fr\/wp-json\/wp\/v2\/product_brand?post=32588"},{"taxonomy":"product_cat","embeddable":true,"href":"https:\/\/www.filex.nl\/fr\/wp-json\/wp\/v2\/product_cat?post=32588"},{"taxonomy":"product_tag","embeddable":true,"href":"https:\/\/www.filex.nl\/fr\/wp-json\/wp\/v2\/product_tag?post=32588"}],"curies":[{"name":"wp","href":"https:\/\/api.w.org\/{rel}","templated":true}]}}