{"id":32606,"date":"2022-10-20T12:27:47","date_gmt":"2022-10-20T12:27:47","guid":{"rendered":"https:\/\/www.filex.nl\/product\/hidden-qi-universal-phone-charger-zwart\/"},"modified":"2024-10-18T15:34:49","modified_gmt":"2024-10-18T15:34:49","slug":"filex-chargeur-de-telephone-universel-qi-cache-noir","status":"publish","type":"product","link":"https:\/\/www.filex.nl\/fr\/produit\/filex-chargeur-de-telephone-universel-qi-cache-noir\/","title":{"rendered":"Filex &#8211; Chargeur de t\u00e9l\u00e9phone universel QI cach\u00e9 &#8211; Noir"},"content":{"rendered":"<p>Le nom dit tout : le chargeur sans fil cach\u00e9 pour tous vos appareils sur votre lieu de travail. Vous installez ce chargeur sans fil facilement en collant le r\u00e9ceptacle sur la face inf\u00e9rieure de votre bureau. \u00c0 l&#8217;aide de l&#8217;outil d&#8217;installation standard fourni, vous centrez l&#8217;endroit o\u00f9 vous souhaitez recharger sans fil, en haut du bureau. Convient aux plateaux de table d&#8217;une \u00e9paisseur maximale de 40 mm ! Avec ce chargeur sans fil, vous n&#8217;avez plus besoin de faire des trous dans votre bureau et vous avez un nouvel accessoire dont vous ne pouvez plus vous passer sur votre lieu de travail !<\/p>\n","protected":false},"excerpt":{"rendered":"<p>Le chargeur de t\u00e9l\u00e9phone universel QI cach\u00e9 Filex ! Un chargeur v\u00e9ritablement invisible et \u00e9galement sans fil pour votre lieu de travail ! Avec cette unit\u00e9 d&#8217;\u00e9lectrification moderne, vous n&#8217;avez plus besoin de percer des trous dans votre beau bureau !<\/p>\n","protected":false},"featured_media":54772,"template":"","meta":{"_acf_changed":false},"product_brand":[],"product_cat":[566],"product_tag":[],"class_list":{"0":"post-32606","1":"product","2":"type-product","3":"status-publish","4":"has-post-thumbnail","6":"product_cat-electrification","7":"pa_kleur-noir","9":"first","10":"instock","11":"shipping-taxable","12":"product-type-simple"},"acf":[],"_links":{"self":[{"href":"https:\/\/www.filex.nl\/fr\/wp-json\/wp\/v2\/product\/32606","targetHints":{"allow":["GET"]}}],"collection":[{"href":"https:\/\/www.filex.nl\/fr\/wp-json\/wp\/v2\/product"}],"about":[{"href":"https:\/\/www.filex.nl\/fr\/wp-json\/wp\/v2\/types\/product"}],"wp:featuredmedia":[{"embeddable":true,"href":"https:\/\/www.filex.nl\/fr\/wp-json\/wp\/v2\/media\/54772"}],"wp:attachment":[{"href":"https:\/\/www.filex.nl\/fr\/wp-json\/wp\/v2\/media?parent=32606"}],"wp:term":[{"taxonomy":"product_brand","embeddable":true,"href":"https:\/\/www.filex.nl\/fr\/wp-json\/wp\/v2\/product_brand?post=32606"},{"taxonomy":"product_cat","embeddable":true,"href":"https:\/\/www.filex.nl\/fr\/wp-json\/wp\/v2\/product_cat?post=32606"},{"taxonomy":"product_tag","embeddable":true,"href":"https:\/\/www.filex.nl\/fr\/wp-json\/wp\/v2\/product_tag?post=32606"}],"curies":[{"name":"wp","href":"https:\/\/api.w.org\/{rel}","templated":true}]}}