{"id":32617,"date":"2022-10-19T16:46:10","date_gmt":"2022-10-19T16:46:10","guid":{"rendered":"https:\/\/www.filex.nl\/product\/egst-female-connector\/"},"modified":"2025-06-04T11:31:42","modified_gmt":"2025-06-04T11:31:42","slug":"connecteur-femelle-enfichable-3-poles","status":"publish","type":"product","link":"https:\/\/www.filex.nl\/fr\/produit\/connecteur-femelle-enfichable-3-poles\/","title":{"rendered":"Connecteur femelle enfichable 3 p\u00f4les"},"content":{"rendered":"<p>Ces fiches c<span data-teams=\"true\">onnecteur enfichable 3 p\u00f4les<\/span> sont dot\u00e9es de contacts m\u00e9talliques solides et robustes et sont class\u00e9es IP20 avec un contact de terre. Le codage m\u00e9canique permet une s\u00e9paration claire et s\u00fbre des diff\u00e9rentes applications au sein d&#8217;un m\u00eame syst\u00e8me, tandis que le codage couleur identifie les connexions qui leur appartiennent. Ensemble, ils garantissent un assemblage rapide, facile et s\u00fbr et \u00e9liminent les erreurs de connexion. C<span data-teams=\"true\">onnecteur enfichable 3 p\u00f4les<\/span> est enti\u00e8rement compatible avec tous les connecteurs c<span data-teams=\"true\">onnecteur enfichable 3 p\u00f4les<\/span> existants.<\/p>\n","protected":false},"excerpt":{"rendered":"<p>Ce connecteur <span data-teams=\"true\">enfichable 3 p\u00f4les<\/span> est un syst\u00e8me de connexion polyvalent id\u00e9al pour l&#8217;installation de syst\u00e8mes d&#8217;\u00e9clairage, d&#8217;interrupteurs, de stores et de prises de courant et de postes de travail.<\/p>\n","protected":false},"featured_media":32509,"template":"","meta":{"_acf_changed":false},"product_brand":[],"product_cat":[566,593,595],"product_tag":[],"class_list":{"0":"post-32617","1":"product","2":"type-product","3":"status-publish","4":"has-post-thumbnail","6":"product_cat-electrification","7":"product_cat-gestion-des-cables","8":"product_cat-autres","9":"pa_kleur-noir","11":"first","12":"instock","13":"shipping-taxable","14":"product-type-simple"},"acf":[],"_links":{"self":[{"href":"https:\/\/www.filex.nl\/fr\/wp-json\/wp\/v2\/product\/32617","targetHints":{"allow":["GET"]}}],"collection":[{"href":"https:\/\/www.filex.nl\/fr\/wp-json\/wp\/v2\/product"}],"about":[{"href":"https:\/\/www.filex.nl\/fr\/wp-json\/wp\/v2\/types\/product"}],"wp:featuredmedia":[{"embeddable":true,"href":"https:\/\/www.filex.nl\/fr\/wp-json\/wp\/v2\/media\/32509"}],"wp:attachment":[{"href":"https:\/\/www.filex.nl\/fr\/wp-json\/wp\/v2\/media?parent=32617"}],"wp:term":[{"taxonomy":"product_brand","embeddable":true,"href":"https:\/\/www.filex.nl\/fr\/wp-json\/wp\/v2\/product_brand?post=32617"},{"taxonomy":"product_cat","embeddable":true,"href":"https:\/\/www.filex.nl\/fr\/wp-json\/wp\/v2\/product_cat?post=32617"},{"taxonomy":"product_tag","embeddable":true,"href":"https:\/\/www.filex.nl\/fr\/wp-json\/wp\/v2\/product_tag?post=32617"}],"curies":[{"name":"wp","href":"https:\/\/api.w.org\/{rel}","templated":true}]}}