{"id":34269,"date":"2023-02-19T21:18:14","date_gmt":"2023-02-19T21:18:14","guid":{"rendered":"https:\/\/www.filex.nl\/product\/kabelgoot-100-cm\/"},"modified":"2024-10-18T15:35:12","modified_gmt":"2024-10-18T15:35:12","slug":"chemin-de-cables-de-100-cm","status":"publish","type":"product","link":"https:\/\/www.filex.nl\/fr\/produit\/chemin-de-cables-de-100-cm\/","title":{"rendered":"Chemin de c\u00e2bles de 100 cm"},"content":{"rendered":"<p>Ce chemin de c\u00e2bles Filex de 100 cm est un outil flexible pour garder votre lieu de travail s\u00fbr et bien organis\u00e9. Reconnaissez-vous les spaghettis de c\u00e2bles sous votre bureau ? C&#8217;est distrayant, d\u00e9routant et il y a un risque \u00e9lev\u00e9 d&#8217;endommager vos c\u00e2bles. Les tr\u00e9buchements constituent \u00e9galement un danger. En utilisant ce chemin de c\u00e2bles, vos c\u00e2bles ne seront plus dans le chemin ! Le chemin de c\u00e2bles est en acier et dispose d&#8217;options en bas pour faire passer vos c\u00e2bles si n\u00e9cessaire. Vous pouvez \u00e9galement accrocher ou retirer facilement le chemin de c\u00e2bles dans les supports. Les supports de montage sont inclus en standard, y compris un guide d&#8217;alignement pour aligner les trous pour dans votre bureau. Cela vous permet d&#8217;adapter facilement le chemin de c\u00e2bles \u00e0 votre situation.<br \/>\nCe chemin de c\u00e2bles Filex d&#8217;une longueur de 100 cm peut \u00eatre command\u00e9 dans les couleurs : noir mat et blanc mat.<br \/>\nCes goulottes Filex sont \u00e9galement disponibles dans une longueur de 60 cm (article 809130 et 809131).<\/p>\n","protected":false},"excerpt":{"rendered":"<p>Le chemin de c\u00e2bles Filex, d&#8217;une longueur de 100 cm, est un outil pratique pour dissimuler proprement tous vos c\u00e2bles et prises. De mani\u00e8re unique, il existe des possibilit\u00e9s suppl\u00e9mentaires pour faire passer vos c\u00e2bles. Ces chemins de c\u00e2bles sont soigneusement emball\u00e9s chacun dans une bo\u00eete.<\/p>\n","protected":false},"featured_media":54739,"template":"","meta":{"_acf_changed":false},"product_brand":[],"product_cat":[593,2474],"product_tag":[],"class_list":{"0":"post-34269","1":"product","2":"type-product","3":"status-publish","4":"has-post-thumbnail","6":"product_cat-gestion-des-cables","7":"product_cat-chemins-de-cables","8":"pa_kleur-argent","9":"pa_kleur-blanc","10":"pa_kleur-noir","12":"first","13":"instock","14":"shipping-taxable","15":"purchasable","16":"product-type-variable","17":"has-default-attributes"},"acf":[],"_links":{"self":[{"href":"https:\/\/www.filex.nl\/fr\/wp-json\/wp\/v2\/product\/34269","targetHints":{"allow":["GET"]}}],"collection":[{"href":"https:\/\/www.filex.nl\/fr\/wp-json\/wp\/v2\/product"}],"about":[{"href":"https:\/\/www.filex.nl\/fr\/wp-json\/wp\/v2\/types\/product"}],"wp:featuredmedia":[{"embeddable":true,"href":"https:\/\/www.filex.nl\/fr\/wp-json\/wp\/v2\/media\/54739"}],"wp:attachment":[{"href":"https:\/\/www.filex.nl\/fr\/wp-json\/wp\/v2\/media?parent=34269"}],"wp:term":[{"taxonomy":"product_brand","embeddable":true,"href":"https:\/\/www.filex.nl\/fr\/wp-json\/wp\/v2\/product_brand?post=34269"},{"taxonomy":"product_cat","embeddable":true,"href":"https:\/\/www.filex.nl\/fr\/wp-json\/wp\/v2\/product_cat?post=34269"},{"taxonomy":"product_tag","embeddable":true,"href":"https:\/\/www.filex.nl\/fr\/wp-json\/wp\/v2\/product_tag?post=34269"}],"curies":[{"name":"wp","href":"https:\/\/api.w.org\/{rel}","templated":true}]}}