{"id":34439,"date":"2023-02-20T21:31:20","date_gmt":"2023-02-20T21:31:20","guid":{"rendered":"https:\/\/www.filex.nl\/product\/kabelslang-130-cm-met-verzwaarde-voetplaat\/"},"modified":"2024-10-18T15:35:02","modified_gmt":"2024-10-18T15:35:02","slug":"tube-de-cable-130-cm-avec-plaque-de-base-lestee","status":"publish","type":"product","link":"https:\/\/www.filex.nl\/fr\/produit\/tube-de-cable-130-cm-avec-plaque-de-base-lestee\/","title":{"rendered":"Tube de c\u00e2ble 130 cm avec plaque de base lest\u00e9e"},"content":{"rendered":"<p>Le tuyau de c\u00e2ble Filex de 130 cm avec plaque de base lest\u00e9e ! Vous souhaitez ranger soigneusement tous vos c\u00e2bles sous votre bureau et les prot\u00e9ger de l&#8217;abrasion, du vrillage ou du tr\u00e9buchement ? Vous pouvez facilement regrouper les c\u00e2bles d\u00e9tach\u00e9s dans le tuyau \u00e0 c\u00e2bles. Ce tuyau flexible pour c\u00e2ble est facile \u00e0 fixer \u00e0 l&#8217;aide d&#8217;une fixation magn\u00e9tique ou d&#8217;une fixation \u00e0 vis. Il vous reste donc le choix de serrer le tuyau de c\u00e2ble \u00e0 l&#8217;aide de l&#8217;aimant ou de le visser au dessous de votre bureau. Ce serpent de c\u00e2ble est disponible dans les couleurs : noir mat et blanc mat.<\/p>\n","protected":false},"excerpt":{"rendered":"<p>Le tuyau de c\u00e2ble Filex d&#8217;une longueur de 130 cm et avec une plaque de base lest\u00e9e. Id\u00e9al pour organiser et prot\u00e9ger les c\u00e2bles sous votre bureau. Les c\u00e2bles ne se perdent plus ; ils sont soigneusement prot\u00e9g\u00e9s dans le tuyau flexible pour c\u00e2bles.<\/p>\n","protected":false},"featured_media":34357,"template":"","meta":{"_acf_changed":false},"product_brand":[],"product_cat":[593,2477],"product_tag":[],"class_list":{"0":"post-34439","1":"product","2":"type-product","3":"status-publish","4":"has-post-thumbnail","6":"product_cat-gestion-des-cables","7":"product_cat-tuyaux-pour-cables","8":"pa_kleur-blanc","9":"pa_kleur-noir","11":"first","12":"instock","13":"shipping-taxable","14":"purchasable","15":"product-type-variable","16":"has-default-attributes"},"acf":[],"_links":{"self":[{"href":"https:\/\/www.filex.nl\/fr\/wp-json\/wp\/v2\/product\/34439","targetHints":{"allow":["GET"]}}],"collection":[{"href":"https:\/\/www.filex.nl\/fr\/wp-json\/wp\/v2\/product"}],"about":[{"href":"https:\/\/www.filex.nl\/fr\/wp-json\/wp\/v2\/types\/product"}],"wp:featuredmedia":[{"embeddable":true,"href":"https:\/\/www.filex.nl\/fr\/wp-json\/wp\/v2\/media\/34357"}],"wp:attachment":[{"href":"https:\/\/www.filex.nl\/fr\/wp-json\/wp\/v2\/media?parent=34439"}],"wp:term":[{"taxonomy":"product_brand","embeddable":true,"href":"https:\/\/www.filex.nl\/fr\/wp-json\/wp\/v2\/product_brand?post=34439"},{"taxonomy":"product_cat","embeddable":true,"href":"https:\/\/www.filex.nl\/fr\/wp-json\/wp\/v2\/product_cat?post=34439"},{"taxonomy":"product_tag","embeddable":true,"href":"https:\/\/www.filex.nl\/fr\/wp-json\/wp\/v2\/product_tag?post=34439"}],"curies":[{"name":"wp","href":"https:\/\/api.w.org\/{rel}","templated":true}]}}