{"id":34750,"date":"2023-03-08T11:16:40","date_gmt":"2023-03-08T11:16:40","guid":{"rendered":"https:\/\/www.filex.nl\/product\/skylon-monitorarm-enkel\/"},"modified":"2024-10-18T15:35:02","modified_gmt":"2024-10-18T15:35:02","slug":"cheville-pour-bras-de-moniteur-skylon","status":"publish","type":"product","link":"https:\/\/www.filex.nl\/fr\/produit\/cheville-pour-bras-de-moniteur-skylon\/","title":{"rendered":"Cheville pour bras de moniteur Skylon"},"content":{"rendered":"<p>Le bras de moniteur Skylon pour 1 \u00e9cran ! Ce bras de moniteur est un bras ergonomique de conception moderne convenant \u00e0 un moniteur jusqu&#8217;\u00e0 30 pouces. Ce bras de moniteur pr\u00e9mont\u00e9 peut \u00eatre install\u00e9 dans votre bureau ou votre maison en un rien de temps. Le moniteur peut \u00eatre facilement ajust\u00e9 en hauteur au moyen d&#8217;une pince r\u00e9glable. Gr\u00e2ce \u00e0 l&#8217;extension, vous pouvez \u00e9galement r\u00e9gler la profondeur, ce qui vous donne plus de flexibilit\u00e9 pour ajuster votre moniteur.<br \/>\nLes bras de moniteur Skylon sont \u00e9quip\u00e9s en standard d&#8217;un syst\u00e8me de gestion des c\u00e2bles et sont livr\u00e9s avec une pince de bureau, un \u0153illet de bureau et un syst\u00e8me de fixation rapide VESA. Les bras de moniteur Skylon sont disponibles dans les couleurs : noir, blanc et argent.<br \/>\nLes options possibles pour ce bras de moniteur sont des connexions USB dans la pince de bureau ou un support pour ordinateur portable ou tablette. N&#8217;h\u00e9sitez pas \u00e0 nous demander quelles sont les options possibles !<\/p>\n<p>Sp\u00e9cifications :<br \/>\nCapacit\u00e9 de charge : 1 x 8 kg<br \/>\nR\u00e9glable en hauteur jusqu&#8217;\u00e0 410 mm par simple serrage.<br \/>\nR\u00e9glable en profondeur avec une extension maximale de 500 mm<br \/>\nVESA, fixation rapide, 75x75mm et 100x100mm<br \/>\n\u00c9quip\u00e9 d&#8217;une pince de bureau et d&#8217;un oeillet de bureau.<br \/>\nCapacit\u00e9 de serrage : 50 mm<br \/>\nBras rotatif \u00e0 360 degr\u00e9s<br \/>\nBras orientable individuellement sur 260 degr\u00e9s<br \/>\nPoint de fixation orientable et inclinable \u00e0 180 degr\u00e9s<\/p>\n","protected":false},"excerpt":{"rendered":"<p>Un bras de moniteur au design moderne pour 1 \u00e9cran dont vous ne pouvez vous passer sur votre lieu de travail ! Ce bras de moniteur statique est \u00e9quip\u00e9 de toutes les commodit\u00e9s et est facile \u00e0 r\u00e9gler en hauteur. Une fois r\u00e9gl\u00e9, vous pouvez facilement tirer le moniteur vers vous ou le d\u00e9placer dans une autre direction.<\/p>\n","protected":false},"featured_media":54651,"template":"","meta":{"_acf_changed":false},"product_brand":[],"product_cat":[606,608,2511],"product_tag":[],"class_list":{"0":"post-34750","1":"product","2":"type-product","3":"status-publish","4":"has-post-thumbnail","6":"product_cat-bras-de-moniteur","7":"product_cat-1-scherm-fr","8":"product_cat-bras-de-moniteur-skylon","9":"pa_kleur-argent","10":"pa_kleur-blanc","11":"pa_kleur-noir","13":"first","14":"instock","15":"shipping-taxable","16":"purchasable","17":"product-type-variable","18":"has-default-attributes"},"acf":[],"_links":{"self":[{"href":"https:\/\/www.filex.nl\/fr\/wp-json\/wp\/v2\/product\/34750","targetHints":{"allow":["GET"]}}],"collection":[{"href":"https:\/\/www.filex.nl\/fr\/wp-json\/wp\/v2\/product"}],"about":[{"href":"https:\/\/www.filex.nl\/fr\/wp-json\/wp\/v2\/types\/product"}],"wp:featuredmedia":[{"embeddable":true,"href":"https:\/\/www.filex.nl\/fr\/wp-json\/wp\/v2\/media\/54651"}],"wp:attachment":[{"href":"https:\/\/www.filex.nl\/fr\/wp-json\/wp\/v2\/media?parent=34750"}],"wp:term":[{"taxonomy":"product_brand","embeddable":true,"href":"https:\/\/www.filex.nl\/fr\/wp-json\/wp\/v2\/product_brand?post=34750"},{"taxonomy":"product_cat","embeddable":true,"href":"https:\/\/www.filex.nl\/fr\/wp-json\/wp\/v2\/product_cat?post=34750"},{"taxonomy":"product_tag","embeddable":true,"href":"https:\/\/www.filex.nl\/fr\/wp-json\/wp\/v2\/product_tag?post=34750"}],"curies":[{"name":"wp","href":"https:\/\/api.w.org\/{rel}","templated":true}]}}