{"id":34764,"date":"2023-03-08T11:16:41","date_gmt":"2023-03-08T11:16:41","guid":{"rendered":"https:\/\/www.filex.nl\/product\/skylon-monitorarm-enkel-kort\/"},"modified":"2024-10-18T15:35:02","modified_gmt":"2024-10-18T15:35:02","slug":"bras-de-moniteur-skylon-simple-court","status":"publish","type":"product","link":"https:\/\/www.filex.nl\/fr\/produit\/bras-de-moniteur-skylon-simple-court\/","title":{"rendered":"Bras de moniteur Skylon simple court"},"content":{"rendered":"<p>Le bras du moniteur Skylon court pour 1 \u00e9cran ! Ce bras de moniteur est un bras ergonomique de conception moderne convenant \u00e0 un moniteur jusqu&#8217;\u00e0 30 pouces. Ce bras de moniteur pr\u00e9mont\u00e9 s&#8217;installe en un rien de temps au bureau ou \u00e0 la maison. Le moniteur peut \u00eatre facilement ajust\u00e9 en hauteur au moyen d&#8217;une pince r\u00e9glable. Gr\u00e2ce \u00e0 la t\u00eate VESA, vous pouvez \u00e9galement ajuster l&#8217;angle de vue, ce qui vous donne plus de flexibilit\u00e9 pour r\u00e9gler votre moniteur.<br \/>\nLes bras de moniteur Skylon sont \u00e9quip\u00e9s d&#8217;une gestion des c\u00e2bles en standard et sont livr\u00e9s avec une pince de bureau, un \u0153illet de bureau et un syst\u00e8me de fixation rapide VESA. Les bras de moniteur Skylon sont disponibles dans les couleurs : noir, blanc et argent.<br \/>\nLes options possibles pour ce bras de moniteur sont des connexions USB dans la pince de bureau ou un support pour ordinateur portable ou tablette. N&#8217;h\u00e9sitez pas \u00e0 nous demander quelles sont les options possibles !<\/p>\n<p>Sp\u00e9cifications :<br \/>\nCapacit\u00e9 de charge : 1 x 8 kg<br \/>\nHauteur r\u00e9glable jusqu&#8217;\u00e0 410 mm par simple serrage<br \/>\nVESA, \u00e0 fixation rapide, 75x75mm et 100x100mm<br \/>\n\u00c9quip\u00e9 d&#8217;une pince de bureau et d&#8217;un oeillet de bureau.<br \/>\nCapacit\u00e9 de serrage : 50 mm<br \/>\nPoint de montage orientable et inclinable \u00e0 180 degr\u00e9s<\/p>\n","protected":false},"excerpt":{"rendered":"<p>Un bras de moniteur au design moderne pour 1 \u00e9cran dont vous ne pouvez vous passer sur votre lieu de travail ! Ce bras de moniteur statique est \u00e9quip\u00e9 de toutes les commodit\u00e9s et est facile \u00e0 r\u00e9gler en hauteur. Une fois r\u00e9gl\u00e9 en hauteur, vous pouvez facilement incliner le moniteur vers le haut ou vers le bas pour obtenir le bon angle de vision.<\/p>\n","protected":false},"featured_media":34615,"template":"","meta":{"_acf_changed":false},"product_brand":[],"product_cat":[606,608,2511],"product_tag":[],"class_list":{"0":"post-34764","1":"product","2":"type-product","3":"status-publish","4":"has-post-thumbnail","6":"product_cat-bras-de-moniteur","7":"product_cat-1-scherm-fr","8":"product_cat-bras-de-moniteur-skylon","9":"pa_kleur-argent","10":"pa_kleur-blanc","11":"pa_kleur-noir","13":"first","14":"instock","15":"shipping-taxable","16":"purchasable","17":"product-type-variable","18":"has-default-attributes"},"acf":[],"_links":{"self":[{"href":"https:\/\/www.filex.nl\/fr\/wp-json\/wp\/v2\/product\/34764","targetHints":{"allow":["GET"]}}],"collection":[{"href":"https:\/\/www.filex.nl\/fr\/wp-json\/wp\/v2\/product"}],"about":[{"href":"https:\/\/www.filex.nl\/fr\/wp-json\/wp\/v2\/types\/product"}],"wp:featuredmedia":[{"embeddable":true,"href":"https:\/\/www.filex.nl\/fr\/wp-json\/wp\/v2\/media\/34615"}],"wp:attachment":[{"href":"https:\/\/www.filex.nl\/fr\/wp-json\/wp\/v2\/media?parent=34764"}],"wp:term":[{"taxonomy":"product_brand","embeddable":true,"href":"https:\/\/www.filex.nl\/fr\/wp-json\/wp\/v2\/product_brand?post=34764"},{"taxonomy":"product_cat","embeddable":true,"href":"https:\/\/www.filex.nl\/fr\/wp-json\/wp\/v2\/product_cat?post=34764"},{"taxonomy":"product_tag","embeddable":true,"href":"https:\/\/www.filex.nl\/fr\/wp-json\/wp\/v2\/product_tag?post=34764"}],"curies":[{"name":"wp","href":"https:\/\/api.w.org\/{rel}","templated":true}]}}