{"id":34795,"date":"2023-03-08T11:16:41","date_gmt":"2023-03-08T11:16:41","guid":{"rendered":"https:\/\/www.filex.nl\/product\/skylon-monitorarm-triple\/"},"modified":"2025-09-06T21:19:07","modified_gmt":"2025-09-06T21:19:07","slug":"bras-de-moniteur-skylon-triple","status":"publish","type":"product","link":"https:\/\/www.filex.nl\/fr\/produit\/bras-de-moniteur-skylon-triple\/","title":{"rendered":"Bras de moniteur Skylon Triple"},"content":{"rendered":"<p>Le bras de moniteur Skylon pour 3 \u00e9crans ! Ce bras de moniteur est un bras ergonomique de conception moderne convenant \u00e0 3 moniteurs jusqu&#8217;\u00e0 24 pouces. Ce bras de moniteur pr\u00e9-mont\u00e9 peut \u00eatre install\u00e9 dans votre bureau ou votre maison en un rien de temps. Le moniteur peut facilement \u00eatre r\u00e9gl\u00e9 en hauteur gr\u00e2ce \u00e0 une pince r\u00e9glable. Gr\u00e2ce \u00e0 l&#8217;extension, vous pouvez \u00e9galement r\u00e9gler la profondeur, ce qui vous donne plus de flexibilit\u00e9 pour ajuster votre moniteur.<br \/>\nLes bras de moniteur Skylon sont \u00e9quip\u00e9s de s\u00e9rie d&#8217;un syst\u00e8me de gestion des c\u00e2bles et sont livr\u00e9s avec une pince de bureau, un \u0153illet de bureau et un syst\u00e8me de fixation rapide VESA. Les bras de moniteur Skylon sont disponibles dans les couleurs : noir, blanc et argent.<br \/>\nLes options possibles pour ce bras de moniteur sont des connexions USB dans la pince de bureau ou un support pour ordinateur portable ou tablette. N&#8217;h\u00e9sitez pas \u00e0 nous demander des informations sur les options !<\/p>\n<p>Sp\u00e9cifications :<br \/>\nCapacit\u00e9 de charge : 3 x 8 kg<br \/>\nR\u00e9glable en hauteur jusqu&#8217;\u00e0 410 mm gr\u00e2ce \u00e0 une pince simple.<br \/>\nR\u00e9glable en profondeur avec une extension maximale de 500 mm<br \/>\nVESA, \u00e0 fixation rapide, 75x75mm et 100x100mm<br \/>\n\u00c9quip\u00e9 d&#8217;une pince de bureau et d&#8217;un oeillet de bureau<br \/>\nCapacit\u00e9 de serrage : 50 mm<br \/>\nBras rotatif \u00e0 360 degr\u00e9s<br \/>\nBras orientable individuellement \u00e0 260 degr\u00e9s<br \/>\nPoint de fixation orientable et inclinable \u00e0 180 degr\u00e9s<\/p>\n","protected":false},"excerpt":{"rendered":"<p>Un bras de moniteur au design moderne pour 3 \u00e9crans dont vous ne pouvez pas vous passer sur votre lieu de travail ! Ce bras de moniteur statique est \u00e9quip\u00e9 de toutes les commodit\u00e9s et est facile \u00e0 r\u00e9gler en hauteur. Une fois r\u00e9gl\u00e9, vous pouvez facilement tirer les \u00e9crans vers vous ou les d\u00e9placer dans une autre direction.<\/p>\n","protected":false},"featured_media":71582,"template":"","meta":{"_acf_changed":false},"product_brand":[],"product_cat":[606,2511],"product_tag":[],"class_list":{"0":"post-34795","1":"product","2":"type-product","3":"status-publish","4":"has-post-thumbnail","6":"product_cat-bras-de-moniteur","7":"product_cat-bras-de-moniteur-skylon","8":"pa_kleur-argent","9":"pa_kleur-blanc","10":"pa_kleur-noir","12":"first","13":"instock","14":"shipping-taxable","15":"purchasable","16":"product-type-variable","17":"has-default-attributes"},"acf":[],"_links":{"self":[{"href":"https:\/\/www.filex.nl\/fr\/wp-json\/wp\/v2\/product\/34795","targetHints":{"allow":["GET"]}}],"collection":[{"href":"https:\/\/www.filex.nl\/fr\/wp-json\/wp\/v2\/product"}],"about":[{"href":"https:\/\/www.filex.nl\/fr\/wp-json\/wp\/v2\/types\/product"}],"wp:featuredmedia":[{"embeddable":true,"href":"https:\/\/www.filex.nl\/fr\/wp-json\/wp\/v2\/media\/71582"}],"wp:attachment":[{"href":"https:\/\/www.filex.nl\/fr\/wp-json\/wp\/v2\/media?parent=34795"}],"wp:term":[{"taxonomy":"product_brand","embeddable":true,"href":"https:\/\/www.filex.nl\/fr\/wp-json\/wp\/v2\/product_brand?post=34795"},{"taxonomy":"product_cat","embeddable":true,"href":"https:\/\/www.filex.nl\/fr\/wp-json\/wp\/v2\/product_cat?post=34795"},{"taxonomy":"product_tag","embeddable":true,"href":"https:\/\/www.filex.nl\/fr\/wp-json\/wp\/v2\/product_tag?post=34795"}],"curies":[{"name":"wp","href":"https:\/\/api.w.org\/{rel}","templated":true}]}}