{"id":34955,"date":"2023-03-08T15:32:46","date_gmt":"2023-03-08T15:32:46","guid":{"rendered":"https:\/\/www.filex.nl\/product\/tv-standaard-zilver\/"},"modified":"2024-10-18T15:34:56","modified_gmt":"2024-10-18T15:34:56","slug":"meuble-tv-argent","status":"publish","type":"product","link":"https:\/\/www.filex.nl\/fr\/produit\/meuble-tv-argent\/","title":{"rendered":"Meuble TV &#8211; Argent"},"content":{"rendered":"<p>Le meuble TV Filex ! En utilisant ce support de sol pour votre t\u00e9l\u00e9viseur, vous profitez pleinement des capacit\u00e9s de votre \u00e9cran. Le support est facilement r\u00e9glable en hauteur jusqu&#8217;\u00e0 (mesur\u00e9 \u00e0 partir du centre du VESA) 160 cm de hauteur. Cela vous permet de cr\u00e9er l&#8217;angle de vue id\u00e9al.<\/p>\n<p>Ce meuble TV Filex convient aux \u00e9crans de 37 \u00e0 70 pouces. La capacit\u00e9 de charge de ce produit est de 50 kg pour l&#8217;\u00e9cran, 5 kg pour le plateau multim\u00e9dia et 5 kg pour le plateau du vid\u00e9oprojecteur. Le support convient aux \u00e9crans avec un sch\u00e9ma de trous VESA de 200&#215;200 mm \u00e0 600&#215;400 mm. Le chariot est \u00e9quip\u00e9 de quatre roulettes solides, toutes munies d&#8217;un frein.<\/p>\n<p>Ce meuble est \u00e9quip\u00e9 d&#8217;un support sur lequel vous pouvez facilement placer votre \u00e9quipement sous votre t\u00e9l\u00e9viseur et placer un projecteur au-dessus de votre \u00e9cran.<\/p>\n<p>Sp\u00e9cifications :<br \/>\nExtra stable !<br \/>\nSupport TV en aluminium r\u00e9glable en hauteur avec manivelle<br \/>\nR\u00e9glage t\u00e9lescopique de la hauteur : pour une hauteur de vue optimale<br \/>\nR\u00e9glage sans effort de la hauteur du t\u00e9l\u00e9viseur par manivelle<br \/>\nInclinaison sans outil : assure un positionnement sans effort<br \/>\nTablette \u00e0 montage rapide : permet une installation et un r\u00e9glage en hauteur faciles.<br \/>\nRoulettes \u00e0 usage intensif avec m\u00e9canisme de verrouillage : peuvent \u00eatre d\u00e9plac\u00e9es ou arr\u00eat\u00e9es selon les besoins.<br \/>\nMarqueurs de hauteur de colonne : indique facilement la hauteur actuelle.<\/p>\n","protected":false},"excerpt":{"rendered":"<p>Ce support de sol pour t\u00e9l\u00e9viseur de Filex est mobile et est livr\u00e9 en standard avec une \u00e9tag\u00e8re pour votre \u00e9quipement sous votre t\u00e9l\u00e9viseur. Ce meuble TV Filex est \u00e9quip\u00e9 de 4 roulettes pivotantes et d&#8217;un frein, de sorte que le meuble reste fermement en place. Le t\u00e9l\u00e9viseur peut \u00eatre r\u00e9gl\u00e9 \u00e0 diff\u00e9rentes hauteurs gr\u00e2ce \u00e0 un levier situ\u00e9 \u00e0 l&#8217;arri\u00e8re du support !<\/p>\n","protected":false},"featured_media":34859,"template":"","meta":{"_acf_changed":false},"product_brand":[],"product_cat":[2573],"product_tag":[],"class_list":{"0":"post-34955","1":"product","2":"type-product","3":"status-publish","4":"has-post-thumbnail","6":"product_cat-supports-de-television","7":"pa_ean-code-8719747107652-fr","8":"pa_kleur-argent","10":"first","11":"instock","12":"shipping-taxable","13":"product-type-simple"},"acf":[],"_links":{"self":[{"href":"https:\/\/www.filex.nl\/fr\/wp-json\/wp\/v2\/product\/34955","targetHints":{"allow":["GET"]}}],"collection":[{"href":"https:\/\/www.filex.nl\/fr\/wp-json\/wp\/v2\/product"}],"about":[{"href":"https:\/\/www.filex.nl\/fr\/wp-json\/wp\/v2\/types\/product"}],"wp:featuredmedia":[{"embeddable":true,"href":"https:\/\/www.filex.nl\/fr\/wp-json\/wp\/v2\/media\/34859"}],"wp:attachment":[{"href":"https:\/\/www.filex.nl\/fr\/wp-json\/wp\/v2\/media?parent=34955"}],"wp:term":[{"taxonomy":"product_brand","embeddable":true,"href":"https:\/\/www.filex.nl\/fr\/wp-json\/wp\/v2\/product_brand?post=34955"},{"taxonomy":"product_cat","embeddable":true,"href":"https:\/\/www.filex.nl\/fr\/wp-json\/wp\/v2\/product_cat?post=34955"},{"taxonomy":"product_tag","embeddable":true,"href":"https:\/\/www.filex.nl\/fr\/wp-json\/wp\/v2\/product_tag?post=34955"}],"curies":[{"name":"wp","href":"https:\/\/api.w.org\/{rel}","templated":true}]}}