{"id":35288,"date":"2023-05-25T19:45:16","date_gmt":"2023-05-25T19:45:16","guid":{"rendered":"https:\/\/www.filex.nl\/product\/galaxy-demo-case-modulaire-monitorarm\/"},"modified":"2024-10-18T15:35:03","modified_gmt":"2024-10-18T15:35:03","slug":"galaxy-demo-case-bras-modulaire-pour-moniteur","status":"publish","type":"product","link":"https:\/\/www.filex.nl\/fr\/produit\/galaxy-demo-case-bras-modulaire-pour-moniteur\/","title":{"rendered":"Galaxy Demo Case Bras modulaire pour moniteur"},"content":{"rendered":"<p>La mallette Filex Galaxy Demo Case est la mallette indispensable pour montrer que tout est possible ! Avec cette valise, vous pouvez facilement montrer \u00e0 votre client toutes les options de la s\u00e9rie de bras de surveillance Filex Galaxy.<br \/>\nLa mallette est \u00e9quip\u00e9e d&#8217;une poign\u00e9e et de roulettes, ce qui la rend facile \u00e0 d\u00e9placer d&#8217;un point A \u00e0 un point B ou \u00e0 apporter \u00e0 votre client. La mallette est fabriqu\u00e9e en aluminium et est livr\u00e9e avec toutes ses pi\u00e8ces. La mallette contient deux couches de contenu avec toutes les pi\u00e8ces. Ainsi, vous ne manquerez plus jamais rien et nous r\u00e9soudrons tous vos probl\u00e8mes ensemble !<\/p>\n","protected":false},"excerpt":{"rendered":"<p>Notre seule et unique valise de d\u00e9monstration Filex Galaxy ! La mallette contenant toutes les pi\u00e8ces de la c\u00e9l\u00e8bre s\u00e9rie de bras de moniteur Filex Galaxy ! En emportant cette valise lorsque vous rendez visite \u00e0 votre client, ou en la posant dans votre salle d&#8217;exposition, vous pouvez r\u00e9soudre tous les probl\u00e8mes concernant les bras de moniteur pour votre client et les lui montrer imm\u00e9diatement. Facile \u00e0 installer et \u00e0 changer gr\u00e2ce au syst\u00e8me modulaire unique.<\/p>\n","protected":false},"featured_media":35242,"template":"","meta":{"_acf_changed":false},"product_brand":[],"product_cat":[623,651],"product_tag":[],"class_list":{"0":"post-35288","1":"product","2":"type-product","3":"status-publish","4":"has-post-thumbnail","6":"product_cat-galaxy-onderdelen-fr","7":"product_cat-galaxy-serie-fr","8":"pa_kleur-argent","9":"pa_kleur-blanc","10":"pa_kleur-noir","12":"first","13":"instock","14":"shipping-taxable","15":"purchasable","16":"product-type-variable","17":"has-default-attributes"},"acf":[],"_links":{"self":[{"href":"https:\/\/www.filex.nl\/fr\/wp-json\/wp\/v2\/product\/35288","targetHints":{"allow":["GET"]}}],"collection":[{"href":"https:\/\/www.filex.nl\/fr\/wp-json\/wp\/v2\/product"}],"about":[{"href":"https:\/\/www.filex.nl\/fr\/wp-json\/wp\/v2\/types\/product"}],"wp:featuredmedia":[{"embeddable":true,"href":"https:\/\/www.filex.nl\/fr\/wp-json\/wp\/v2\/media\/35242"}],"wp:attachment":[{"href":"https:\/\/www.filex.nl\/fr\/wp-json\/wp\/v2\/media?parent=35288"}],"wp:term":[{"taxonomy":"product_brand","embeddable":true,"href":"https:\/\/www.filex.nl\/fr\/wp-json\/wp\/v2\/product_brand?post=35288"},{"taxonomy":"product_cat","embeddable":true,"href":"https:\/\/www.filex.nl\/fr\/wp-json\/wp\/v2\/product_cat?post=35288"},{"taxonomy":"product_tag","embeddable":true,"href":"https:\/\/www.filex.nl\/fr\/wp-json\/wp\/v2\/product_tag?post=35288"}],"curies":[{"name":"wp","href":"https:\/\/api.w.org\/{rel}","templated":true}]}}