{"id":35667,"date":"2023-06-26T20:06:09","date_gmt":"2023-06-26T20:06:09","guid":{"rendered":"https:\/\/www.filex.nl\/product\/filex-power-desk-in-2x-230v-1x-usb-ac-charge-5-0v-3-1a-15-5w-zwart\/"},"modified":"2025-04-30T13:04:44","modified_gmt":"2025-04-30T13:04:44","slug":"power-desk-in-2x-230v-1x-usb-ac-charge-5-0v-3-1a-15-5w-noir","status":"publish","type":"product","link":"https:\/\/www.filex.nl\/fr\/produit\/power-desk-in-2x-230v-1x-usb-ac-charge-5-0v-3-1a-15-5w-noir\/","title":{"rendered":"Power Desk In &#8211; 2x 230V + 1x USB A+C Charge (5.0V &#8211; 3.1A &#8211; 15.5W) &#8211; Noir"},"content":{"rendered":"<p>Le Power Desk In ! L&#8217;unit\u00e9 d&#8217;\u00e9lectrification int\u00e9gr\u00e9e avec un look moderne et un design convivial ! Vous avez choisi l&#8217;unit\u00e9 avec 2 prises de courant et 1 chargeur USB A+C (5.0V &#8211; 3.1A &#8211; 15.5W).<\/p>\n<p>Le Desk In peut \u00eatre facilement encastr\u00e9 dans votre bureau, vous offrant ainsi une solution \u00e9l\u00e9gante pour l&#8217;\u00e9lectrification requise. Le Desk-in est dot\u00e9 d&#8217;un couvercle qui s&#8217;ouvre ou se ferme d&#8217;une simple pression du doigt, en douceur et sans \u00e0-coups.<\/p>\n<p>L&#8217;unit\u00e9 est facile \u00e0 assembler et dispose d&#8217;un c\u00e2ble fixe de 1 m\u00e8tre avec une prise c<span data-teams=\"true\">onnecteur enfichable 3 p\u00f4les<\/span> \u00e0 l&#8217;extr\u00e9mit\u00e9.<\/p>\n<p>Cette configuration vous permet d&#8217;avoir \u00e0 port\u00e9e de main l&#8217;alimentation de votre ordinateur portable, de votre t\u00e9l\u00e9phone et de vos autres appareils ! Autre point important : ce Power Desk In built-in est bien entendu certifi\u00e9 CE.<\/p>\n<p>Disponible en noir.<\/p>\n","protected":false},"excerpt":{"rendered":"<p>Le Power Desk In ! Une solution id\u00e9ale pour toute l&#8217;\u00e9lectrification n\u00e9cessaire, bien \u00e0 l&#8217;abri des regards lorsqu&#8217;elle n&#8217;est pas utilis\u00e9e, sur votre poste de travail ou votre table de conf\u00e9rence ! A l&#8217;aide des Keystone, vous pouvez ajouter toutes les connexions qui vous manquent !<\/p>\n","protected":false},"featured_media":35553,"template":"","meta":{"_acf_changed":false},"product_brand":[],"product_cat":[631,566,569],"product_tag":[],"class_list":{"0":"post-35667","1":"product","2":"type-product","3":"status-publish","4":"has-post-thumbnail","6":"product_cat-electrification-desk-in","7":"product_cat-electrification","8":"product_cat-inbouw-fr","9":"pa_ean-code-8719747103494-fr","11":"first","12":"instock","13":"shipping-taxable","14":"product-type-simple"},"acf":[],"_links":{"self":[{"href":"https:\/\/www.filex.nl\/fr\/wp-json\/wp\/v2\/product\/35667","targetHints":{"allow":["GET"]}}],"collection":[{"href":"https:\/\/www.filex.nl\/fr\/wp-json\/wp\/v2\/product"}],"about":[{"href":"https:\/\/www.filex.nl\/fr\/wp-json\/wp\/v2\/types\/product"}],"wp:featuredmedia":[{"embeddable":true,"href":"https:\/\/www.filex.nl\/fr\/wp-json\/wp\/v2\/media\/35553"}],"wp:attachment":[{"href":"https:\/\/www.filex.nl\/fr\/wp-json\/wp\/v2\/media?parent=35667"}],"wp:term":[{"taxonomy":"product_brand","embeddable":true,"href":"https:\/\/www.filex.nl\/fr\/wp-json\/wp\/v2\/product_brand?post=35667"},{"taxonomy":"product_cat","embeddable":true,"href":"https:\/\/www.filex.nl\/fr\/wp-json\/wp\/v2\/product_cat?post=35667"},{"taxonomy":"product_tag","embeddable":true,"href":"https:\/\/www.filex.nl\/fr\/wp-json\/wp\/v2\/product_tag?post=35667"}],"curies":[{"name":"wp","href":"https:\/\/api.w.org\/{rel}","templated":true}]}}