{"id":35670,"date":"2023-06-26T20:13:47","date_gmt":"2023-06-26T20:13:47","guid":{"rendered":"https:\/\/www.filex.nl\/product\/power-desk-in-2x-230v-1x-usb-ac-charge-5-0v-3-1a-15-5w-1x-keystone-zwart\/"},"modified":"2025-09-06T21:19:08","modified_gmt":"2025-09-06T21:19:08","slug":"power-desk-in-2x-230v-1x-usb-ac-charge-5-0v-3-1a-15-5w-1x-keystone-noir","status":"publish","type":"product","link":"https:\/\/www.filex.nl\/fr\/produit\/power-desk-in-2x-230v-1x-usb-ac-charge-5-0v-3-1a-15-5w-1x-keystone-noir\/","title":{"rendered":"Power Desk In &#8211; 2x 230V + 1x USB A+C Charge (5.0V &#8211; 3.1A &#8211; 15.5W) + 1x Keystone &#8211; Noir"},"content":{"rendered":"<p>Le Power Desk In ! L&#8217;unit\u00e9 d&#8217;\u00e9lectrification int\u00e9gr\u00e9e avec un look moderne et un design convivial ! Vous avez choisi l&#8217;unit\u00e9 avec 2 fois la puissance, 1 x un chargeur USB A+C (5.0V &#8211; 3.1A &#8211; 15.5W) et 1 option keystone dans laquelle vous pouvez placer jusqu&#8217;\u00e0 2 blocs keystone !<\/p>\n<p>L&#8217;unit\u00e9 int\u00e9gr\u00e9e Desk In peut \u00eatre facilement encastr\u00e9e dans votre bureau, vous offrant ainsi une solution \u00e9l\u00e9gante pour l&#8217;\u00e9lectrification dont vous avez besoin. Le Desk-in est \u00e9quip\u00e9 d&#8217;un clapet qui s&#8217;ouvre ou se ferme en douceur et en continu d&#8217;une simple pression du doigt.<\/p>\n<p>L&#8217;unit\u00e9 est facile \u00e0 monter et dispose d&#8217;un c\u00e2ble de connexion fixe de 1 m\u00e8tre avec une prise c<span data-teams=\"true\">onnecteur enfichable 3 p\u00f4les<\/span> \u00e0 l&#8217;extr\u00e9mit\u00e9. L&#8217;unit\u00e9 int\u00e9gr\u00e9e est \u00e9quip\u00e9e de 2 connexions 230V, 1 chargeur USB A+C (5.0V &#8211; 3.1A &#8211; 15.5W) et 1 x keystone (2 positions libres) qui peut \u00eatre rempli avec, par exemple : donn\u00e9es RJ 45, CAT 5 et CAT 6, USB 2.0\/3.0, USB C, HDMI, VGA ou peut \u00eatre utilis\u00e9 comme passe-c\u00e2ble (\u00e9paisseur de la feuille max. 58 mm).<\/p>\n<p>Cette configuration vous permet d&#8217;avoir \u00e0 port\u00e9e de main l&#8217;alimentation de votre ordinateur portable, mais aussi de votre t\u00e9l\u00e9phone et de vos autres appareils ! Non n\u00e9gligeable : ce Power Desk In built-in unit est bien entendu certifi\u00e9 CE.<\/p>\n<p>Disponible en noir.<br \/>\nConseil : regardez aussi nos blocs de cl\u00e9 de vo\u00fbte pour remplir votre cl\u00e9 de vo\u00fbte ! Vous pr\u00e9f\u00e9rez ne pas la remplir ? Vous pouvez toujours choisir de la laisser vide gr\u00e2ce \u00e0 la plaque aveugle fournie en standard.<\/p>\n","protected":false},"excerpt":{"rendered":"<p>Le Power Desk In ! Une solution id\u00e9ale pour toute l&#8217;\u00e9lectrification n\u00e9cessaire, qui est bien cach\u00e9e lorsqu&#8217;elle n&#8217;est pas utilis\u00e9e, sur votre poste de travail ou votre table de conf\u00e9rence ! A l&#8217;aide des Keystone, vous pouvez ajouter toutes les connexions qui vous manquent !<\/p>\n","protected":false},"featured_media":35566,"template":"","meta":{"_acf_changed":false},"product_brand":[],"product_cat":[631,566],"product_tag":[],"class_list":{"0":"post-35670","1":"product","2":"type-product","3":"status-publish","4":"has-post-thumbnail","6":"product_cat-electrification-desk-in","7":"product_cat-electrification","8":"pa_kleur-blanc","9":"pa_kleur-noir","11":"first","12":"instock","13":"shipping-taxable","14":"purchasable","15":"product-type-variable","16":"has-default-attributes"},"acf":[],"_links":{"self":[{"href":"https:\/\/www.filex.nl\/fr\/wp-json\/wp\/v2\/product\/35670","targetHints":{"allow":["GET"]}}],"collection":[{"href":"https:\/\/www.filex.nl\/fr\/wp-json\/wp\/v2\/product"}],"about":[{"href":"https:\/\/www.filex.nl\/fr\/wp-json\/wp\/v2\/types\/product"}],"wp:featuredmedia":[{"embeddable":true,"href":"https:\/\/www.filex.nl\/fr\/wp-json\/wp\/v2\/media\/35566"}],"wp:attachment":[{"href":"https:\/\/www.filex.nl\/fr\/wp-json\/wp\/v2\/media?parent=35670"}],"wp:term":[{"taxonomy":"product_brand","embeddable":true,"href":"https:\/\/www.filex.nl\/fr\/wp-json\/wp\/v2\/product_brand?post=35670"},{"taxonomy":"product_cat","embeddable":true,"href":"https:\/\/www.filex.nl\/fr\/wp-json\/wp\/v2\/product_cat?post=35670"},{"taxonomy":"product_tag","embeddable":true,"href":"https:\/\/www.filex.nl\/fr\/wp-json\/wp\/v2\/product_tag?post=35670"}],"curies":[{"name":"wp","href":"https:\/\/api.w.org\/{rel}","templated":true}]}}