{"id":35684,"date":"2023-06-26T20:29:29","date_gmt":"2023-06-26T20:29:29","guid":{"rendered":"https:\/\/www.filex.nl\/product\/power-desk-in-3x-230v-1x-usb-ac-charge-5-0v-3-1a-15-5w\/"},"modified":"2025-04-30T12:57:02","modified_gmt":"2025-04-30T12:57:02","slug":"power-desk-in-3x-230v-1x-usb-ac-charge-5-0v-3-1a-15-5w","status":"publish","type":"product","link":"https:\/\/www.filex.nl\/fr\/produit\/power-desk-in-3x-230v-1x-usb-ac-charge-5-0v-3-1a-15-5w\/","title":{"rendered":"Power Desk In &#8211; 3x 230V + 1x USB A+C Charge (5.0V &#8211; 3.1A &#8211; 15.5W)"},"content":{"rendered":"<p>Le Power Desk In ! L&#8217;unit\u00e9 d&#8217;\u00e9lectrification int\u00e9gr\u00e9e au look moderne et au design convivial ! Vous avez choisi l&#8217;unit\u00e9 avec 3 prises de courant et 1 chargeur USB A+C (5.0V &#8211; 3.1A &#8211; 15.5W).<\/p>\n<p>Le Desk In peut \u00eatre facilement encastr\u00e9 dans votre bureau, vous offrant ainsi une solution \u00e9l\u00e9gante pour l&#8217;\u00e9lectrification dont vous avez besoin. Le Desk-in est \u00e9quip\u00e9 d&#8217;un couvercle qui s&#8217;ouvre ou se ferme d&#8217;une simple pression du doigt, en douceur et sans \u00e0-coups.<\/p>\n<p>L&#8217;unit\u00e9 est facile \u00e0 assembler et dispose d&#8217;un c\u00e2ble fixe de 1 m\u00e8tre avec une prise c<span data-teams=\"true\">onnecteur enfichable 3 p\u00f4les<\/span> \u00e0 l&#8217;extr\u00e9mit\u00e9.<\/p>\n<p>Cette configuration vous permet d&#8217;avoir \u00e0 port\u00e9e de main l&#8217;alimentation de votre ordinateur portable, de votre t\u00e9l\u00e9phone et de vos autres appareils ! Autre point important : ce Power Desk In built-in est bien entendu certifi\u00e9 CE.<\/p>\n<p>Disponible en noir et blanc.<\/p>\n","protected":false},"excerpt":{"rendered":"<p>Le Power Desk In ! Une solution id\u00e9ale pour toute l&#8217;\u00e9lectrification n\u00e9cessaire, bien \u00e0 l&#8217;abri des regards lorsqu&#8217;elle n&#8217;est pas utilis\u00e9e, sur votre poste de travail ou votre table de conf\u00e9rence ! En utilisant les Keystones, vous pouvez ajouter toutes les connexions qui vous manquent encore !<\/p>\n","protected":false},"featured_media":54526,"template":"","meta":{"_acf_changed":false},"product_brand":[],"product_cat":[631,566,569],"product_tag":[],"class_list":{"0":"post-35684","1":"product","2":"type-product","3":"status-publish","4":"has-post-thumbnail","6":"product_cat-electrification-desk-in","7":"product_cat-electrification","8":"product_cat-inbouw-fr","9":"pa_kleur-blanc","10":"pa_kleur-noir","12":"first","13":"instock","14":"shipping-taxable","15":"purchasable","16":"product-type-variable","17":"has-default-attributes"},"acf":[],"_links":{"self":[{"href":"https:\/\/www.filex.nl\/fr\/wp-json\/wp\/v2\/product\/35684","targetHints":{"allow":["GET"]}}],"collection":[{"href":"https:\/\/www.filex.nl\/fr\/wp-json\/wp\/v2\/product"}],"about":[{"href":"https:\/\/www.filex.nl\/fr\/wp-json\/wp\/v2\/types\/product"}],"wp:featuredmedia":[{"embeddable":true,"href":"https:\/\/www.filex.nl\/fr\/wp-json\/wp\/v2\/media\/54526"}],"wp:attachment":[{"href":"https:\/\/www.filex.nl\/fr\/wp-json\/wp\/v2\/media?parent=35684"}],"wp:term":[{"taxonomy":"product_brand","embeddable":true,"href":"https:\/\/www.filex.nl\/fr\/wp-json\/wp\/v2\/product_brand?post=35684"},{"taxonomy":"product_cat","embeddable":true,"href":"https:\/\/www.filex.nl\/fr\/wp-json\/wp\/v2\/product_cat?post=35684"},{"taxonomy":"product_tag","embeddable":true,"href":"https:\/\/www.filex.nl\/fr\/wp-json\/wp\/v2\/product_tag?post=35684"}],"curies":[{"name":"wp","href":"https:\/\/api.w.org\/{rel}","templated":true}]}}