{"id":35973,"date":"2023-08-11T15:23:47","date_gmt":"2023-08-11T15:23:47","guid":{"rendered":"https:\/\/www.filex.nl\/product\/splitter-egst-4-zwart\/"},"modified":"2025-04-30T12:54:46","modified_gmt":"2025-04-30T12:54:46","slug":"repartiteur-connecteur-enfichable-3-poles-4","status":"publish","type":"product","link":"https:\/\/www.filex.nl\/fr\/produit\/repartiteur-connecteur-enfichable-3-poles-4\/","title":{"rendered":"R\u00e9partiteur connecteur enfichable 3 p\u00f4les &#8211; 4"},"content":{"rendered":"<p>Le r\u00e9partiteur en T c<span data-teams=\"true\">onnecteur enfichable 3 p\u00f4les<\/span> \u00e0 4 connecteurs ! Ce r\u00e9partiteur peut \u00eatre utilis\u00e9 pour diviser un connecteur c<span data-teams=\"true\">onnecteur enfichable 3 p\u00f4les <\/span>&#8211; 4 en 3 c\u00e2bles, comme vous le feriez normalement avec un r\u00e9partiteur en Y, par exemple. De cette fa\u00e7on, vous connectez un c\u00e2ble de couplage \u00e0 un c\u00e2ble de connexion. Bien s\u00fbr, ce diviseur en T peut s&#8217;av\u00e9rer pratique lorsque vous souhaitez \u00e9tendre votre \u00e9lectrification !<br \/>\nC\u00f4t\u00e9 fiche 1 : c<span data-teams=\"true\">onnecteur enfichable 3 p\u00f4les<\/span> &#8211; 4 broches &#8211; femelle.<br \/>\nC\u00f4t\u00e9 des fiches 2 et 3 : c<span data-teams=\"true\">onnecteur enfichable 3 p\u00f4les<\/span> &#8211; 4 broches &#8211; m\u00e2le.<\/p>\n","protected":false},"excerpt":{"rendered":"<p>Le r\u00e9partiteur en T Filex c<span data-teams=\"true\">onnecteur enfichable 3 p\u00f4les<\/span> \u00e0 4 connecteurs ! Id\u00e9al pour diviser 3 c\u00e2bles ! D\u00e9velopper l&#8217;\u00e9lectrification ou adapter un plan d&#8217;\u00e9clairage ? Alors ce produit est indispensable pour sa mise en \u0153uvre !<\/p>\n","protected":false},"featured_media":35970,"template":"","meta":{"_acf_changed":false},"product_brand":[],"product_cat":[593,595],"product_tag":[],"class_list":{"0":"post-35973","1":"product","2":"type-product","3":"status-publish","4":"has-post-thumbnail","6":"product_cat-gestion-des-cables","7":"product_cat-autres","8":"pa_kleur-noir","10":"first","11":"instock","12":"shipping-taxable","13":"product-type-simple"},"acf":[],"_links":{"self":[{"href":"https:\/\/www.filex.nl\/fr\/wp-json\/wp\/v2\/product\/35973","targetHints":{"allow":["GET"]}}],"collection":[{"href":"https:\/\/www.filex.nl\/fr\/wp-json\/wp\/v2\/product"}],"about":[{"href":"https:\/\/www.filex.nl\/fr\/wp-json\/wp\/v2\/types\/product"}],"wp:featuredmedia":[{"embeddable":true,"href":"https:\/\/www.filex.nl\/fr\/wp-json\/wp\/v2\/media\/35970"}],"wp:attachment":[{"href":"https:\/\/www.filex.nl\/fr\/wp-json\/wp\/v2\/media?parent=35973"}],"wp:term":[{"taxonomy":"product_brand","embeddable":true,"href":"https:\/\/www.filex.nl\/fr\/wp-json\/wp\/v2\/product_brand?post=35973"},{"taxonomy":"product_cat","embeddable":true,"href":"https:\/\/www.filex.nl\/fr\/wp-json\/wp\/v2\/product_cat?post=35973"},{"taxonomy":"product_tag","embeddable":true,"href":"https:\/\/www.filex.nl\/fr\/wp-json\/wp\/v2\/product_tag?post=35973"}],"curies":[{"name":"wp","href":"https:\/\/api.w.org\/{rel}","templated":true}]}}