{"id":36029,"date":"2023-08-11T15:33:22","date_gmt":"2023-08-11T15:33:22","guid":{"rendered":"https:\/\/www.filex.nl\/product\/power-desk-up-ep65-2x-230v-1x-usb-a-18w-1x-usb-c-65w\/"},"modified":"2025-04-30T12:53:20","modified_gmt":"2025-04-30T12:53:20","slug":"power-desk-up-ep65-2x-230v-1x-usb-a-18w-1x-usb-c-65w","status":"publish","type":"product","link":"https:\/\/www.filex.nl\/fr\/produit\/power-desk-up-ep65-2x-230v-1x-usb-a-18w-1x-usb-c-65w\/","title":{"rendered":"Power Desk Up\u00ae EP65 &#8211; 2x 230V, 1x USB A (18W), 1x USB C (65W)"},"content":{"rendered":"<p>La s\u00e9rie Desk Up\u00ae EP65. Une nouvelle unit\u00e9 en saillie, au design fin et moderne, con\u00e7ue pour vous, l&#8217;utilisateur, afin de vous offrir toutes les commodit\u00e9s !<br \/>\nCette unit\u00e9 \u00e9l\u00e9gante mont\u00e9e en surface est livr\u00e9e en standard avec 1 pince pour des \u00e9paisseurs de bureau de 18 \u00e0 50 mm. L&#8217;unit\u00e9 est facile \u00e0 fixer par le bas et est \u00e9quip\u00e9e d&#8217;un c\u00e2ble de connexion fixe \u00e0 l&#8217;arri\u00e8re d&#8217;une longueur de 1 m\u00e8tre avec fiche c<span data-teams=\"true\">onnecteur enfichable 3 p\u00f4les<\/span>.<br \/>\nCette unit\u00e9 mont\u00e9e en surface est \u00e9quip\u00e9e de 2 connexions 230V, d&#8217;un double chargeur USB dont 1x USB A (18W) et 1x USB C (65W).<br \/>\nEnfin, cette unit\u00e9 de surface Power Desk Up\u00ae est bien s\u00fbr certifi\u00e9e CE ! La s\u00e9curit\u00e9 et la qualit\u00e9 sont nos priorit\u00e9s !<br \/>\nN&#8217;oubliez pas de commander un c\u00e2ble de connexion de la longueur de votre choix afin de pouvoir connecter l&#8217;unit\u00e9 \u00e0 une prise de courant avec un c\u00e2ble appropri\u00e9 ?<br \/>\nCouleurs disponibles : noir et blanc.<\/p>\n","protected":false},"excerpt":{"rendered":"<p>La s\u00e9rie Desk Up EP65 ! L&#8217;unit\u00e9 d&#8217;\u00e9lectrification en saillie multifonctionnelle qui peut \u00eatre facilement fix\u00e9e sur votre bureau ! Votre unit\u00e9 d&#8217;\u00e9lectrification de surface famili\u00e8re dans un nouveau look et avec jusqu&#8217;\u00e0 65W ! D\u00e9couvrez toutes nos possibilit\u00e9s et nos nombreuses options pour trouver l&#8217;appareil qui r\u00e9pondra \u00e0 vos besoins sp\u00e9cifiques !<\/p>\n","protected":false},"featured_media":53433,"template":"","meta":{"_acf_changed":false},"product_brand":[],"product_cat":[642,566,577],"product_tag":[],"class_list":{"0":"post-36029","1":"product","2":"type-product","3":"status-publish","4":"has-post-thumbnail","6":"product_cat-electrification-desk-up","7":"product_cat-electrification","8":"product_cat-opbouw-fr","9":"pa_kleur-blanc","10":"pa_kleur-noir","12":"first","13":"instock","14":"shipping-taxable","15":"purchasable","16":"product-type-variable","17":"has-default-attributes"},"acf":[],"_links":{"self":[{"href":"https:\/\/www.filex.nl\/fr\/wp-json\/wp\/v2\/product\/36029","targetHints":{"allow":["GET"]}}],"collection":[{"href":"https:\/\/www.filex.nl\/fr\/wp-json\/wp\/v2\/product"}],"about":[{"href":"https:\/\/www.filex.nl\/fr\/wp-json\/wp\/v2\/types\/product"}],"wp:featuredmedia":[{"embeddable":true,"href":"https:\/\/www.filex.nl\/fr\/wp-json\/wp\/v2\/media\/53433"}],"wp:attachment":[{"href":"https:\/\/www.filex.nl\/fr\/wp-json\/wp\/v2\/media?parent=36029"}],"wp:term":[{"taxonomy":"product_brand","embeddable":true,"href":"https:\/\/www.filex.nl\/fr\/wp-json\/wp\/v2\/product_brand?post=36029"},{"taxonomy":"product_cat","embeddable":true,"href":"https:\/\/www.filex.nl\/fr\/wp-json\/wp\/v2\/product_cat?post=36029"},{"taxonomy":"product_tag","embeddable":true,"href":"https:\/\/www.filex.nl\/fr\/wp-json\/wp\/v2\/product_tag?post=36029"}],"curies":[{"name":"wp","href":"https:\/\/api.w.org\/{rel}","templated":true}]}}