{"id":38908,"date":"2023-10-03T20:27:10","date_gmt":"2023-10-03T20:27:10","guid":{"rendered":"https:\/\/www.filex.nl\/product\/smartview-dubbel-monitorarm\/"},"modified":"2024-10-18T15:35:12","modified_gmt":"2024-10-18T15:35:12","slug":"bras-pour-moniteur-double-smartview","status":"publish","type":"product","link":"https:\/\/www.filex.nl\/fr\/produit\/bras-pour-moniteur-double-smartview\/","title":{"rendered":"Bras pour moniteur double SmartView"},"content":{"rendered":"<p>Le bras double moniteur Filex SmartView, parfait pour chaque lieu de travail ! Ce bras de moniteur \u00e0 entra\u00eenement m\u00e9canique est multifonctionnel et peut \u00eatre r\u00e9gl\u00e9 \u00e0 la bonne hauteur de vision. Les deux t\u00eates VESA sont \u00e9quip\u00e9es d&#8217;un curseur VESA, ce qui ne pose plus de probl\u00e8me si vous souhaitez utiliser des moniteurs plus grands ou plus petits \u00e0 l&#8217;avenir. Vous pouvez facilement faire glisser vos moniteurs l&#8217;un vers l&#8217;autre pour les utiliser \u00e0 la m\u00eame hauteur. Le bras pour moniteur est fabriqu\u00e9 en aluminium et pr\u00e9sente une couleur mate. Vous pouvez utiliser ce bras de moniteur avec des moniteurs de 17 \u00e0 32 pouces par bras. Apr\u00e8s avoir fait connaissance avec cette s\u00e9rie de bras de moniteur SmartView, vous n&#8217;en voudrez plus d&#8217;autres ! Ce bras de moniteur Filex est disponible dans les couleurs suivantes : noir mat et blanc mat.<\/p>\n<p>Informations techniques :<br \/>\nTaille d&#8217;\u00e9cran adapt\u00e9e : 17&#8243;-32&#8243;<br \/>\nCapacit\u00e9 de poids (par \u00e9cran) : 3~9kg<br \/>\nCompatible VESA : 75&#215;75, 100&#215;100<br \/>\nPlage d&#8217;inclinaison : +50\u00b0~-50\u00b0.<br \/>\nPlage de pivotement:+90\u00b0~-90\u00b0<br \/>\nRotation de l&#8217;\u00e9cran : +90\u00b0~-90\u00b0<br \/>\nInstallation : Pince \u00e0 lames<br \/>\n\u00c9paisseur de bureau sugg\u00e9r\u00e9e : Pince : 10~60mm<br \/>\nGestion des c\u00e2bles : Oui<\/p>\n","protected":false},"excerpt":{"rendered":"<p>Ce bras de moniteur SmartView de Filex est un must pour tout lieu de travail. Ajustez facilement vos \u00e9crans \u00e0 l&#8217;angle de vue et \u00e0 l&#8217;angle de vision corrects ? La s\u00e9rie de bras pour moniteur SmartView garantit une facilit\u00e9 d&#8217;utilisation et r\u00e9pond \u00e0 tous vos besoins !<\/p>\n","protected":false},"featured_media":54639,"template":"","meta":{"_acf_changed":false},"product_brand":[],"product_cat":[3086,606,612],"product_tag":[],"class_list":{"0":"post-38908","1":"product","2":"type-product","3":"status-publish","4":"has-post-thumbnail","6":"product_cat-bras-de-moniteur-smartview","7":"product_cat-bras-de-moniteur","8":"product_cat-2-schermen-fr","9":"pa_kleur-blanc","10":"pa_kleur-noir","12":"first","13":"instock","14":"shipping-taxable","15":"purchasable","16":"product-type-variable","17":"has-default-attributes"},"acf":[],"_links":{"self":[{"href":"https:\/\/www.filex.nl\/fr\/wp-json\/wp\/v2\/product\/38908","targetHints":{"allow":["GET"]}}],"collection":[{"href":"https:\/\/www.filex.nl\/fr\/wp-json\/wp\/v2\/product"}],"about":[{"href":"https:\/\/www.filex.nl\/fr\/wp-json\/wp\/v2\/types\/product"}],"wp:featuredmedia":[{"embeddable":true,"href":"https:\/\/www.filex.nl\/fr\/wp-json\/wp\/v2\/media\/54639"}],"wp:attachment":[{"href":"https:\/\/www.filex.nl\/fr\/wp-json\/wp\/v2\/media?parent=38908"}],"wp:term":[{"taxonomy":"product_brand","embeddable":true,"href":"https:\/\/www.filex.nl\/fr\/wp-json\/wp\/v2\/product_brand?post=38908"},{"taxonomy":"product_cat","embeddable":true,"href":"https:\/\/www.filex.nl\/fr\/wp-json\/wp\/v2\/product_cat?post=38908"},{"taxonomy":"product_tag","embeddable":true,"href":"https:\/\/www.filex.nl\/fr\/wp-json\/wp\/v2\/product_tag?post=38908"}],"curies":[{"name":"wp","href":"https:\/\/api.w.org\/{rel}","templated":true}]}}