{"id":38920,"date":"2023-10-03T21:03:45","date_gmt":"2023-10-03T21:03:45","guid":{"rendered":"https:\/\/www.filex.nl\/product\/smartview-enkel-monitorarm-zwart\/"},"modified":"2024-10-18T15:35:13","modified_gmt":"2024-10-18T15:35:13","slug":"bras-pour-moniteur-de-cheville-smartview","status":"publish","type":"product","link":"https:\/\/www.filex.nl\/fr\/produit\/bras-pour-moniteur-de-cheville-smartview\/","title":{"rendered":"Bras pour moniteur de cheville SmartView"},"content":{"rendered":"<p>Le bras pour moniteur unique Filex SmartView, parfait pour tous les lieux de travail ! Ce bras de moniteur \u00e0 entra\u00eenement m\u00e9canique est multifonctionnel et peut \u00eatre r\u00e9gl\u00e9 \u00e0 la bonne hauteur de visualisation. Vous pouvez facilement d\u00e9placer votre moniteur vers le haut et vers le bas pour utiliser votre \u00e9cran \u00e0 la bonne hauteur. Le bras de moniteur est fabriqu\u00e9 en aluminium et a une couleur mate. Il peut \u00eatre utilis\u00e9 avec des \u00e9crans de 17 \u00e0 32 pouces. Apr\u00e8s avoir fait connaissance avec cette s\u00e9rie de bras de moniteur SmartView, vous n&#8217;en voudrez plus d&#8217;autres ! Ce bras de moniteur Filex est disponible en mat noir et blanc.<\/p>\n<p>Informations techniques :<br \/>\nTaille d&#8217;\u00e9cran adapt\u00e9e : 17&#8243;-32&#8243;<br \/>\nCapacit\u00e9 de poids (par \u00e9cran) : 3~9kg<br \/>\nVESA compatible : 75\u00d775, 100\u00d7100<br \/>\nPlage d&#8217;inclinaison : +90\u00b0~-90\u00b0.<br \/>\nPlage de pivotement : +90\u00b0~-90\u00b0.<br \/>\nRotation de l&#8217;\u00e9cran : +90\u00b0~-90\u00b0<br \/>\nInstallation : Pince \u00e0 lames<br \/>\n\u00c9paisseur de bureau sugg\u00e9r\u00e9e : Pince : 10~60mm<br \/>\nGestion des c\u00e2bles : Oui<\/p>\n","protected":false},"excerpt":{"rendered":"<p>Ce bras de moniteur Filex SmartView est un must pour tout lieu de travail. Ajustez facilement vos \u00e9crans \u00e0 l&#8217;angle de vue et \u00e0 l&#8217;angle de vision corrects ? La s\u00e9rie de bras de moniteur SmartView garantit une facilit\u00e9 d&#8217;utilisation et r\u00e9pond \u00e0 tous vos besoins !<\/p>\n","protected":false},"featured_media":54635,"template":"","meta":{"_acf_changed":false},"product_brand":[],"product_cat":[3086,606,608],"product_tag":[],"class_list":{"0":"post-38920","1":"product","2":"type-product","3":"status-publish","4":"has-post-thumbnail","6":"product_cat-bras-de-moniteur-smartview","7":"product_cat-bras-de-moniteur","8":"product_cat-1-scherm-fr","9":"pa_kleur-blanc","10":"pa_kleur-noir","12":"first","13":"instock","14":"shipping-taxable","15":"purchasable","16":"product-type-variable","17":"has-default-attributes"},"acf":[],"_links":{"self":[{"href":"https:\/\/www.filex.nl\/fr\/wp-json\/wp\/v2\/product\/38920","targetHints":{"allow":["GET"]}}],"collection":[{"href":"https:\/\/www.filex.nl\/fr\/wp-json\/wp\/v2\/product"}],"about":[{"href":"https:\/\/www.filex.nl\/fr\/wp-json\/wp\/v2\/types\/product"}],"wp:featuredmedia":[{"embeddable":true,"href":"https:\/\/www.filex.nl\/fr\/wp-json\/wp\/v2\/media\/54635"}],"wp:attachment":[{"href":"https:\/\/www.filex.nl\/fr\/wp-json\/wp\/v2\/media?parent=38920"}],"wp:term":[{"taxonomy":"product_brand","embeddable":true,"href":"https:\/\/www.filex.nl\/fr\/wp-json\/wp\/v2\/product_brand?post=38920"},{"taxonomy":"product_cat","embeddable":true,"href":"https:\/\/www.filex.nl\/fr\/wp-json\/wp\/v2\/product_cat?post=38920"},{"taxonomy":"product_tag","embeddable":true,"href":"https:\/\/www.filex.nl\/fr\/wp-json\/wp\/v2\/product_tag?post=38920"}],"curies":[{"name":"wp","href":"https:\/\/api.w.org\/{rel}","templated":true}]}}