{"id":39238,"date":"2023-10-04T08:18:32","date_gmt":"2023-10-04T08:18:32","guid":{"rendered":"https:\/\/www.filex.nl\/product\/persoonlijke-lade-400x300x50mm\/"},"modified":"2024-10-18T15:35:13","modified_gmt":"2024-10-18T15:35:13","slug":"plateau-personnel-400x300x50mm","status":"publish","type":"product","link":"https:\/\/www.filex.nl\/fr\/produit\/plateau-personnel-400x300x50mm\/","title":{"rendered":"Plateau personnel 400x300x50mm"},"content":{"rendered":"<p>Le tiroir personnel de Filex ! Disponible en 2 tailles et couleurs diff\u00e9rentes. Les dimensions de ce tiroir sont de 400x300x50 mm et il est disponible en noir ou en blanc. L&#8217;avantage de ce tiroir est qu&#8217;il dispose d&#8217;une possibilit\u00e9 d&#8217;extension USB A+C \u00e0 l&#8217;int\u00e9rieur. Vous pouvez \u00e9galement d\u00e9visser cette \u00e9lectrification et y faire passer votre propre cordon de charge. Cela vous permet de recharger facilement votre t\u00e9l\u00e9phone en m\u00eame temps.<br \/>\nSp\u00e9cifications :<br \/>\nUSB-A:5V3.1A (15W MAX)<br \/>\nUSB-C:5V3.1A(15W MAX)<\/p>\n","protected":false},"excerpt":{"rendered":"<p>Besoin de ranger vos objets de valeur en un clin d&#8217;\u0153il ? Avec ce tiroir personnel, vous b\u00e9n\u00e9ficiez imm\u00e9diatement de toutes les commodit\u00e9s ! Vous pouvez fixer le tiroir au bas de votre bureau, ce qui laisse beaucoup d&#8217;espace libre.<\/p>\n","protected":false},"featured_media":39009,"template":"","meta":{"_acf_changed":false},"product_brand":[],"product_cat":[3075],"product_tag":[],"class_list":{"0":"post-39238","1":"product","2":"type-product","3":"status-publish","4":"has-post-thumbnail","6":"product_cat-plateaux-personnels","7":"pa_kleur-blanc","8":"pa_kleur-noir","10":"first","11":"instock","12":"shipping-taxable","13":"purchasable","14":"product-type-variable","15":"has-default-attributes"},"acf":[],"_links":{"self":[{"href":"https:\/\/www.filex.nl\/fr\/wp-json\/wp\/v2\/product\/39238","targetHints":{"allow":["GET"]}}],"collection":[{"href":"https:\/\/www.filex.nl\/fr\/wp-json\/wp\/v2\/product"}],"about":[{"href":"https:\/\/www.filex.nl\/fr\/wp-json\/wp\/v2\/types\/product"}],"wp:featuredmedia":[{"embeddable":true,"href":"https:\/\/www.filex.nl\/fr\/wp-json\/wp\/v2\/media\/39009"}],"wp:attachment":[{"href":"https:\/\/www.filex.nl\/fr\/wp-json\/wp\/v2\/media?parent=39238"}],"wp:term":[{"taxonomy":"product_brand","embeddable":true,"href":"https:\/\/www.filex.nl\/fr\/wp-json\/wp\/v2\/product_brand?post=39238"},{"taxonomy":"product_cat","embeddable":true,"href":"https:\/\/www.filex.nl\/fr\/wp-json\/wp\/v2\/product_cat?post=39238"},{"taxonomy":"product_tag","embeddable":true,"href":"https:\/\/www.filex.nl\/fr\/wp-json\/wp\/v2\/product_tag?post=39238"}],"curies":[{"name":"wp","href":"https:\/\/api.w.org\/{rel}","templated":true}]}}