{"id":41130,"date":"2024-03-08T12:53:01","date_gmt":"2024-03-08T12:53:01","guid":{"rendered":"https:\/\/www.filex.nl\/product\/power-desk-up-2-0-2x-230v-french-socket-1x-keystone-1x-usb-ac-charge\/"},"modified":"2025-09-06T21:19:07","modified_gmt":"2025-09-06T21:19:07","slug":"power-desk-up-2-0-2x-230v-prise-francaise-1x-keystone-1x-usb-ac-charge","status":"publish","type":"product","link":"https:\/\/www.filex.nl\/fr\/produit\/power-desk-up-2-0-2x-230v-prise-francaise-1x-keystone-1x-usb-ac-charge\/","title":{"rendered":"Power Desk Up\u00ae 2.0 &#8211; 2x 230V (prise fran\u00e7aise), 1x keystone, 1x USB A+C Charge"},"content":{"rendered":"<p>S\u00e9rie Filex Desk Up\u00ae 2.0. Une nouvelle unit\u00e9 en saillie, au design \u00e9l\u00e9gant et moderne, con\u00e7ue pour vous, l&#8217;utilisateur, afin de vous offrir toutes les commodit\u00e9s !<\/p>\n<p>Cette unit\u00e9 \u00e9l\u00e9gante mont\u00e9e en surface est livr\u00e9e en standard avec 2 pinces pour des \u00e9paisseurs de bureau de 0 \u00e0 50 mm. L&#8217;appareil est facile \u00e0 fixer par le haut et est \u00e9quip\u00e9 d&#8217;un c\u00e2ble de connexion fixe \u00e0 l&#8217;arri\u00e8re d&#8217;une longueur de 1 m\u00e8tre avec prise eGST\u00ae.<\/p>\n<p>Vous avez une lame \u00e0 facettes ? Pas de probl\u00e8me non plus avec cette s\u00e9rie Filex Desk Up\u00ae 2.0 !<\/p>\n<p>Cette unit\u00e9 de montage en surface est \u00e9quip\u00e9e de 2 prises fran\u00e7aises 230V, d&#8217;un double chargeur USB dont 1 x 5V-2.4A et 1 x USB C (5.0V &#8211; 3.1A &#8211; 15.5W) et d&#8217;un compartiment vide pour cl\u00e9 de vo\u00fbte. Vous pouvez remplir le compartiment vide avec 2 blocs keystone de votre choix (par ex. donn\u00e9es RJ45 CAT6 et 6A, USB 2.0\/3.0, HDMI, VGA ou pour \u00eatre utilis\u00e9 comme passe-c\u00e2ble).<\/p>\n<p>Enfin, cette unit\u00e9 Filex Power Desk Up\u00ae mont\u00e9e en surface est bien entendu certifi\u00e9e CE. La s\u00e9curit\u00e9 et la qualit\u00e9 sont nos priorit\u00e9s !<\/p>\n<p>Couleurs disponibles : noir et blanc.<\/p>\n","protected":false},"excerpt":{"rendered":"<p>La s\u00e9rie Filex Desk Up\u00ae 2.0 ! L&#8217;unit\u00e9 d&#8217;\u00e9lectrification multifonctionnelle mont\u00e9e en surface qui peut \u00eatre fix\u00e9e \u00e0 votre bureau ou sur un bureau \u00e0 facettes ! D\u00e9couvrez toutes nos possibilit\u00e9s et les nombreuses options pour une unit\u00e9 qui r\u00e9pond \u00e0 vos besoins sp\u00e9cifiques !<\/p>\n","protected":false},"featured_media":53482,"template":"","meta":{"_acf_changed":false},"product_brand":[],"product_cat":[638,642,566],"product_tag":[],"class_list":{"0":"post-41130","1":"product","2":"type-product","3":"status-publish","4":"has-post-thumbnail","6":"product_cat-desk-up-2-0-elektrificatie-fr","7":"product_cat-electrification-desk-up","8":"product_cat-electrification","9":"pa_kleur-blanc","10":"pa_kleur-noir","12":"first","13":"instock","14":"shipping-taxable","15":"purchasable","16":"product-type-variable","17":"has-default-attributes"},"acf":[],"_links":{"self":[{"href":"https:\/\/www.filex.nl\/fr\/wp-json\/wp\/v2\/product\/41130","targetHints":{"allow":["GET"]}}],"collection":[{"href":"https:\/\/www.filex.nl\/fr\/wp-json\/wp\/v2\/product"}],"about":[{"href":"https:\/\/www.filex.nl\/fr\/wp-json\/wp\/v2\/types\/product"}],"wp:featuredmedia":[{"embeddable":true,"href":"https:\/\/www.filex.nl\/fr\/wp-json\/wp\/v2\/media\/53482"}],"wp:attachment":[{"href":"https:\/\/www.filex.nl\/fr\/wp-json\/wp\/v2\/media?parent=41130"}],"wp:term":[{"taxonomy":"product_brand","embeddable":true,"href":"https:\/\/www.filex.nl\/fr\/wp-json\/wp\/v2\/product_brand?post=41130"},{"taxonomy":"product_cat","embeddable":true,"href":"https:\/\/www.filex.nl\/fr\/wp-json\/wp\/v2\/product_cat?post=41130"},{"taxonomy":"product_tag","embeddable":true,"href":"https:\/\/www.filex.nl\/fr\/wp-json\/wp\/v2\/product_tag?post=41130"}],"curies":[{"name":"wp","href":"https:\/\/api.w.org\/{rel}","templated":true}]}}