{"id":41195,"date":"2024-03-08T13:30:28","date_gmt":"2024-03-08T13:30:28","guid":{"rendered":"https:\/\/www.filex.nl\/product\/block-french-socket\/"},"modified":"2025-04-30T12:52:00","modified_gmt":"2025-04-30T12:52:00","slug":"block-prise-francaise","status":"publish","type":"product","link":"https:\/\/www.filex.nl\/fr\/produit\/block-prise-francaise\/","title":{"rendered":"Block (Prise fran\u00e7aise)"},"content":{"rendered":"<p>Le poste de travail moderne ne peut plus se passer d&#8217;alimentation \u00e9lectrique. Qu&#8217;il s&#8217;agisse d&#8217;un poste de travail assis\/debout, d&#8217;un bureau ordinaire ou d&#8217;un \u00e9quipement informatique, vous ne pouvez plus vous en passer. Vous vous posez certainement la question suivante : de combien de prises de courant avez-vous besoin ? Que ce soit pour aujourd&#8217;hui ou pour demain. C&#8217;est pourquoi la flexibilit\u00e9, en plus de la qualit\u00e9, est tr\u00e8s souhaitable. Nos multiprises sont fabriqu\u00e9es avec le plus grand soin et sont test\u00e9es de mani\u00e8re approfondie avant de quitter l&#8217;usine. Bien entendu, elles portent toujours le marquage CE et r\u00e9pondent aux exigences et certificats en vigueur.<\/p>\n<p>Tous nos blocs multiprises sont \u00e9quip\u00e9s d&#8217;une entr\u00e9e et d&#8217;une sortie c<span data-teams=\"true\">onnecteur enfichable 3 p\u00f4les<\/span>. Vous pouvez ainsi raccorder directement n&#8217;importe quelle longueur de c\u00e2ble d&#8217;alimentation ou de couplage (si n\u00e9cessaire avec un r\u00e9partiteur c<span data-teams=\"true\">onnecteur enfichable 3 p\u00f4les<\/span>) tout en conservant une grande flexibilit\u00e9. Les barrettes d&#8217;alimentation peuvent \u00eatre mont\u00e9es directement sous le plan de travail \u00e0 l&#8217;aide du kit de montage fourni, mais elles peuvent \u00e9galement \u00eatre plac\u00e9es dans le passage de c\u00e2bles.<\/p>\n<p>Les prises de courant Filex Block-French en aluminium sont disponibles dans les connexions suivantes :<br \/>\n&#8211; 3 x prise fran\u00e7aise ;<br \/>\n&#8211; 4 x prise fran\u00e7aise ;<br \/>\n&#8211; 5 x prise fran\u00e7aise ;<br \/>\n&#8211; 6 x prise fran\u00e7aise ;<\/p>\n<p>Votre choix actuel lors de l&#8217;achat de ce produit est : 3 x prise fran\u00e7aise.<br \/>\nVous n&#8217;avez pas oubli\u00e9 d&#8217;acheter un c\u00e2ble de raccordement ou un c\u00e2ble d&#8217;accouplement de la bonne longueur ?<\/p>\n","protected":false},"excerpt":{"rendered":"<p>Blocs d&#8217;alimentation Block ! Indispensables sur chaque poste de travail. Faciles \u00e0 utiliser comme alimentation \u00e9lectriquefix\u00e9e sous le plateau ou dans le chemin de c\u00e2bles de votre poste de travail. Livrables dans des versions de 3 \u00e0 6 voies.<\/p>\n","protected":false},"featured_media":41140,"template":"","meta":{"_acf_changed":false},"product_brand":[],"product_cat":[566,576,583],"product_tag":[],"class_list":{"0":"post-41195","1":"product","2":"type-product","3":"status-publish","4":"has-post-thumbnail","6":"product_cat-electrification","7":"product_cat-onderbouw-fr","8":"product_cat-stekkerblokken-fr","10":"first","11":"instock","12":"shipping-taxable","13":"purchasable","14":"product-type-variable","15":"has-default-attributes"},"acf":[],"_links":{"self":[{"href":"https:\/\/www.filex.nl\/fr\/wp-json\/wp\/v2\/product\/41195","targetHints":{"allow":["GET"]}}],"collection":[{"href":"https:\/\/www.filex.nl\/fr\/wp-json\/wp\/v2\/product"}],"about":[{"href":"https:\/\/www.filex.nl\/fr\/wp-json\/wp\/v2\/types\/product"}],"wp:featuredmedia":[{"embeddable":true,"href":"https:\/\/www.filex.nl\/fr\/wp-json\/wp\/v2\/media\/41140"}],"wp:attachment":[{"href":"https:\/\/www.filex.nl\/fr\/wp-json\/wp\/v2\/media?parent=41195"}],"wp:term":[{"taxonomy":"product_brand","embeddable":true,"href":"https:\/\/www.filex.nl\/fr\/wp-json\/wp\/v2\/product_brand?post=41195"},{"taxonomy":"product_cat","embeddable":true,"href":"https:\/\/www.filex.nl\/fr\/wp-json\/wp\/v2\/product_cat?post=41195"},{"taxonomy":"product_tag","embeddable":true,"href":"https:\/\/www.filex.nl\/fr\/wp-json\/wp\/v2\/product_tag?post=41195"}],"curies":[{"name":"wp","href":"https:\/\/api.w.org\/{rel}","templated":true}]}}