{"id":41220,"date":"2024-03-08T14:12:09","date_gmt":"2024-03-08T14:12:09","guid":{"rendered":"https:\/\/www.filex.nl\/product\/keystone-kabeldoorvoer\/"},"modified":"2024-03-08T14:22:38","modified_gmt":"2024-03-08T14:22:38","slug":"passe-cables-keystone","status":"publish","type":"product","link":"https:\/\/www.filex.nl\/fr\/produit\/passe-cables-keystone\/","title":{"rendered":"Passe-c\u00e2bles Keystone"},"content":{"rendered":"<p>Keystones Filex : indispensables !<\/p>\n<p>Des Keystones peuvent \u00eatre utilis\u00e9s dans des emplacements libres de la s\u00e9rie Filex Desk Up\u00ae 1.0 ou 2.0, par exemple.<\/p>\n<p>Pour des raisons de s\u00e9curit\u00e9, tous les connecteurs \u00e9lectriques et les possibilit\u00e9s de charge USB sont toujours fixes, mais si vous souhaitez \u00e9galement un module passe-c\u00e2bles, il vous suffit donc d&#8217;ajouter un Keystone dans les emplacements Keystone vides !<\/p>\n<p>Ce module peut \u00eatre utilis\u00e9 pour dissimuler proprement des c\u00e2bles sur votre bureau.<\/p>\n<p>Gr\u00e2ce aux dimensions standard, il peut \u00eatre utilis\u00e9 pour un montage enfichable facile.<\/p>\n<p>Livrable dans les couleurs noir et blanc.<\/p>\n","protected":false},"excerpt":{"rendered":"<p>Les Keystones Filex ! Indispensables sur chaque poste de travail avec une unit\u00e9 d&#8217;\u00e9lectrification. En ajoutant ce Keystone \u00e0 l&#8217;emplacement libre de votre unit\u00e9 d&#8217;\u00e9lectrification, les possibilit\u00e9s restent encore toujours aussi flexibles !<\/p>\n","protected":false},"featured_media":41209,"template":"","meta":{"_acf_changed":false},"product_brand":[],"product_cat":[566,573],"product_tag":[],"class_list":{"0":"post-41220","1":"product","2":"type-product","3":"status-publish","4":"has-post-thumbnail","6":"product_cat-electrification","7":"product_cat-keystones-fr","8":"pa_kleur-blanc","9":"pa_kleur-noir","11":"first","12":"instock","13":"shipping-taxable","14":"purchasable","15":"product-type-variable","16":"has-default-attributes"},"acf":[],"_links":{"self":[{"href":"https:\/\/www.filex.nl\/fr\/wp-json\/wp\/v2\/product\/41220","targetHints":{"allow":["GET"]}}],"collection":[{"href":"https:\/\/www.filex.nl\/fr\/wp-json\/wp\/v2\/product"}],"about":[{"href":"https:\/\/www.filex.nl\/fr\/wp-json\/wp\/v2\/types\/product"}],"wp:featuredmedia":[{"embeddable":true,"href":"https:\/\/www.filex.nl\/fr\/wp-json\/wp\/v2\/media\/41209"}],"wp:attachment":[{"href":"https:\/\/www.filex.nl\/fr\/wp-json\/wp\/v2\/media?parent=41220"}],"wp:term":[{"taxonomy":"product_brand","embeddable":true,"href":"https:\/\/www.filex.nl\/fr\/wp-json\/wp\/v2\/product_brand?post=41220"},{"taxonomy":"product_cat","embeddable":true,"href":"https:\/\/www.filex.nl\/fr\/wp-json\/wp\/v2\/product_cat?post=41220"},{"taxonomy":"product_tag","embeddable":true,"href":"https:\/\/www.filex.nl\/fr\/wp-json\/wp\/v2\/product_tag?post=41220"}],"curies":[{"name":"wp","href":"https:\/\/api.w.org\/{rel}","templated":true}]}}