{"id":42974,"date":"2024-05-24T15:21:02","date_gmt":"2024-05-24T15:21:02","guid":{"rendered":"https:\/\/www.filex.nl\/product\/galaxy-direct-connect-crossbar-maximaal-3-x-27-inch-zwart\/"},"modified":"2024-10-18T15:35:07","modified_gmt":"2024-10-18T15:35:07","slug":"barre-transversale-galaxy-direct-connect-jusqua-3-x-27-pouces-noir","status":"publish","type":"product","link":"https:\/\/www.filex.nl\/fr\/produit\/barre-transversale-galaxy-direct-connect-jusqua-3-x-27-pouces-noir\/","title":{"rendered":"Barre transversale Galaxy Direct-Connect (jusqu&#8217;\u00e0 3 x 27 pouces) &#8211; Noir"},"content":{"rendered":"<p>La barre transversale Filex Galaxy Direct-Connect pour 3 \u00e9crans !<\/p>\n<p>Cette barre transversale flexible Galaxy Direct-Connect transforme un bras de moniteur unique pour 1 ou 2 \u00e9crans en une solution ergonomique optimale pour 3 \u00e9crans, et ce de la mani\u00e8re la plus \u00e9conomique qui soit !<\/p>\n<p>Il suffit de placer cette barre transversale sur un bras de moniteur pour 1 \u00e9cran, sans acheter de t\u00eate VESA Galaxy pour la barre transversale ! Le nom dit tout : Direct-Connect ! La t\u00eate VESA correspondante que vous montez sur votre bras de moniteur est fournie en standard. Cette barre transversale comporte \u00e9galement 2 parties mobiles, ce qui vous permet de r\u00e9gler exactement le bon angle de vue et de positionner vos \u00e9crans dans une cuvette.<\/p>\n<p>La barre transversale fait partie de la famille Galaxy et peut donc \u00eatre plac\u00e9e sur n&#8217;importe quelle configuration du bras modulaire Galaxy !<\/p>\n<p>Apr\u00e8s le montage, les \u00e9crans (jusqu&#8217;\u00e0 27 pouces avec cette barre transversale) peuvent \u00eatre r\u00e9gl\u00e9s dans n&#8217;importe quelle position par l&#8217;utilisateur \u00e0 l&#8217;aide des connecteurs VESA standard \u00e0 d\u00e9gagement rapide.<\/p>\n<p>Gr\u00e2ce \u00e0 la poign\u00e9e fournie et r\u00e9glable sur la barre transversale, vous pouvez facilement d\u00e9placer la barre transversale vers une autre position sans laisser d&#8217;empreintes digitales sur vos \u00e9crans !<\/p>\n","protected":false},"excerpt":{"rendered":"<p>La barre transversale \u00e0 connexion directe Filex Galaxy peut accueillir jusqu&#8217;\u00e0 3 moniteurs de 1 pouce ! Une option d&#8217;extension facile pour passer d&#8217;un moniteur \u00e0 2, voire 3 moniteurs ! Les sections pliables vous permettent de d\u00e9finir exactement l&#8217;angle de vue d\u00e9sir\u00e9. En ajoutant simplement cette barre transversale \u00e0 votre bras modulaire Galaxy, sans acheter de t\u00eate VESA pour la barre transversale, vous avez d\u00e9j\u00e0 tout ce qu&#8217;il vous faut !<\/p>\n","protected":false},"featured_media":52572,"template":"","meta":{"_acf_changed":false},"product_brand":[],"product_cat":[623,534,538,651],"product_tag":[],"class_list":{"0":"post-42974","1":"product","2":"type-product","3":"status-publish","4":"has-post-thumbnail","6":"product_cat-galaxy-onderdelen-fr","7":"product_cat-fixations-et-options","8":"product_cat-crossbars","9":"product_cat-galaxy-serie-fr","10":"pa_ean-code-8719747109120-fr","11":"pa_kleur-noir","13":"first","14":"instock","15":"shipping-taxable","16":"product-type-simple"},"acf":[],"_links":{"self":[{"href":"https:\/\/www.filex.nl\/fr\/wp-json\/wp\/v2\/product\/42974","targetHints":{"allow":["GET"]}}],"collection":[{"href":"https:\/\/www.filex.nl\/fr\/wp-json\/wp\/v2\/product"}],"about":[{"href":"https:\/\/www.filex.nl\/fr\/wp-json\/wp\/v2\/types\/product"}],"wp:featuredmedia":[{"embeddable":true,"href":"https:\/\/www.filex.nl\/fr\/wp-json\/wp\/v2\/media\/52572"}],"wp:attachment":[{"href":"https:\/\/www.filex.nl\/fr\/wp-json\/wp\/v2\/media?parent=42974"}],"wp:term":[{"taxonomy":"product_brand","embeddable":true,"href":"https:\/\/www.filex.nl\/fr\/wp-json\/wp\/v2\/product_brand?post=42974"},{"taxonomy":"product_cat","embeddable":true,"href":"https:\/\/www.filex.nl\/fr\/wp-json\/wp\/v2\/product_cat?post=42974"},{"taxonomy":"product_tag","embeddable":true,"href":"https:\/\/www.filex.nl\/fr\/wp-json\/wp\/v2\/product_tag?post=42974"}],"curies":[{"name":"wp","href":"https:\/\/api.w.org\/{rel}","templated":true}]}}