{"id":43002,"date":"2024-05-24T15:30:07","date_gmt":"2024-05-24T15:30:07","guid":{"rendered":"https:\/\/www.filex.nl\/product\/galaxy-direct-connect-vesa-slider-36cm-zwart\/"},"modified":"2024-10-18T15:35:08","modified_gmt":"2024-10-18T15:35:08","slug":"galaxy-direct-connect-vesa-slider-36cm-noir","status":"publish","type":"product","link":"https:\/\/www.filex.nl\/fr\/produit\/galaxy-direct-connect-vesa-slider-36cm-noir\/","title":{"rendered":"Galaxy Direct-Connect VESA Slider (36cm) &#8211; Noir"},"content":{"rendered":"<p>Le Filex Galaxy Direct-Connect VESA Slider ! Pour une facilit\u00e9 d&#8217;ajustement optimale aux diff\u00e9rentes tailles de moniteurs, Filex a d\u00e9velopp\u00e9 le curseur VESA. Le curseur Filex VESA peut \u00eatre utilis\u00e9 directement et universellement et peut \u00eatre plac\u00e9 sur n&#8217;importe quel support VESA (75 x 75 et 100 x 100) sur le march\u00e9.<\/p>\n<p>En utilisant le curseur VESA, vous pouvez d\u00e9placer l&#8217;\u00e9cran en continu de gauche \u00e0 droite pour obtenir la position ergonomique ad\u00e9quate et\/ou la position la plus optimale pour votre client ou pour vous-m\u00eame. Vous pouvez \u00e9galement acheter un \u00e9cran plus grand ou travailler avec deux moniteurs diff\u00e9rents et les faire co\u00efncider sans probl\u00e8me. Gr\u00e2ce \u00e0 la connexion directe, il n&#8217;est plus n\u00e9cessaire de commander une t\u00eate VESA suppl\u00e9mentaire !<\/p>\n<p>La glissi\u00e8re Filex VESA a une plage de r\u00e9glage de 36 cm. En outre, ce Filex VESA Slider (plac\u00e9 verticalement) peut \u00e9galement \u00eatre utilis\u00e9 en combinaison avec le Filex Galaxy et le support universel pour ordinateur portable (num\u00e9ro d&#8217;article 809498), ce qui signifie que la position de l&#8217;ordinateur portable peut \u00e9galement \u00eatre r\u00e9gl\u00e9e en hauteur en continu. En bref : le Filex VESA Slider ne peut plus \u00eatre manqu\u00e9 sur chaque lieu de travail !<\/p>\n","protected":false},"excerpt":{"rendered":"<p>Le Filex Galaxy Direct-Connect VESA Slider ! Vous avez peut-\u00eatre 2 \u00e9crans diff\u00e9rents ou vous n&#8217;arrivez pas \u00e0 faire co\u00efncider les \u00e9crans l&#8217;un avec l&#8217;autre. Alors ce Galaxy VESA Slider est la solution pour vous ! Rien ne vous emp\u00eachera de cr\u00e9er une configuration de travail soign\u00e9e ! Gr\u00e2ce au syst\u00e8me de connexion directe, vous n&#8217;avez plus besoin d&#8217;acheter une t\u00eate VESA.<\/p>\n","protected":false},"featured_media":53044,"template":"","meta":{"_acf_changed":false},"product_brand":[],"product_cat":[623,534,547,651],"product_tag":[],"class_list":{"0":"post-43002","1":"product","2":"type-product","3":"status-publish","4":"has-post-thumbnail","6":"product_cat-galaxy-onderdelen-fr","7":"product_cat-fixations-et-options","8":"product_cat-sliders-vesa","9":"product_cat-galaxy-serie-fr","10":"pa_ean-code-8719747108338-fr","11":"pa_kleur-noir","13":"first","14":"instock","15":"shipping-taxable","16":"product-type-simple"},"acf":[],"_links":{"self":[{"href":"https:\/\/www.filex.nl\/fr\/wp-json\/wp\/v2\/product\/43002","targetHints":{"allow":["GET"]}}],"collection":[{"href":"https:\/\/www.filex.nl\/fr\/wp-json\/wp\/v2\/product"}],"about":[{"href":"https:\/\/www.filex.nl\/fr\/wp-json\/wp\/v2\/types\/product"}],"wp:featuredmedia":[{"embeddable":true,"href":"https:\/\/www.filex.nl\/fr\/wp-json\/wp\/v2\/media\/53044"}],"wp:attachment":[{"href":"https:\/\/www.filex.nl\/fr\/wp-json\/wp\/v2\/media?parent=43002"}],"wp:term":[{"taxonomy":"product_brand","embeddable":true,"href":"https:\/\/www.filex.nl\/fr\/wp-json\/wp\/v2\/product_brand?post=43002"},{"taxonomy":"product_cat","embeddable":true,"href":"https:\/\/www.filex.nl\/fr\/wp-json\/wp\/v2\/product_cat?post=43002"},{"taxonomy":"product_tag","embeddable":true,"href":"https:\/\/www.filex.nl\/fr\/wp-json\/wp\/v2\/product_tag?post=43002"}],"curies":[{"name":"wp","href":"https:\/\/api.w.org\/{rel}","templated":true}]}}