{"id":44344,"date":"2024-08-26T20:16:56","date_gmt":"2024-08-26T20:16:56","guid":{"rendered":"https:\/\/www.filex.nl\/product\/kabelsok-40-meter-19mm-zwart\/"},"modified":"2024-10-18T15:35:09","modified_gmt":"2024-10-18T15:35:09","slug":"chaussette-de-cable-40-metres-19mm-noir","status":"publish","type":"product","link":"https:\/\/www.filex.nl\/fr\/produit\/chaussette-de-cable-40-metres-19mm-noir\/","title":{"rendered":"Chaussette de c\u00e2ble 40 m\u00e8tres (19mm) &#8211; Noir"},"content":{"rendered":"<p>La chaussette pour c\u00e2bles est une solution optimale et \u00e9conomique lorsqu&#8217;il s&#8217;agit de prot\u00e9ger et de regrouper des c\u00e2bles. La chaussette pour c\u00e2bles a un aspect luxueux gr\u00e2ce au polyester finement tiss\u00e9. Il suffit de couper la chaussette \u00e0 la longueur souhait\u00e9e et d&#8217;ouvrir le manchon pour y ins\u00e9rer les c\u00e2bles. Ensuite, la chaussette pour c\u00e2bles s&#8217;enroule automatiquement autour des c\u00e2bles, ce qui permet de tout dissimuler.<\/p>\n<p>Le Cable Sock est livr\u00e9 dans une bo\u00eete de 40 m\u00e8tres et a un diam\u00e8tre de 19 mm (convient pour 3 \u00e0 5 c\u00e2bles en fonction de l&#8217;\u00e9paisseur). Couleurs disponibles : noir.<\/p>\n","protected":false},"excerpt":{"rendered":"<p>La chaussette \u00e0 c\u00e2bles Filex va vous permettre de vous assurer que vos c\u00e2bles en vrac sont regroup\u00e9s et ne sont plus visibles ! La chaussette \u00e0 c\u00e2bles est facile \u00e0 utiliser car elle est auto-enroulante, ce qui garantit que vous pouvez facilement faire entrer et sortir les c\u00e2bles de la chaussette \u00e0 c\u00e2bles, sans utiliser d&#8217;outils !<\/p>\n","protected":false},"featured_media":44325,"template":"","meta":{"_acf_changed":false},"product_brand":[],"product_cat":[593,2480],"product_tag":[],"class_list":{"0":"post-44344","1":"product","2":"type-product","3":"status-publish","4":"has-post-thumbnail","6":"product_cat-gestion-des-cables","7":"product_cat-mangeurs-de-cables","8":"pa_kleur-noir","10":"first","11":"instock","12":"shipping-taxable","13":"purchasable","14":"product-type-simple"},"acf":[],"_links":{"self":[{"href":"https:\/\/www.filex.nl\/fr\/wp-json\/wp\/v2\/product\/44344","targetHints":{"allow":["GET"]}}],"collection":[{"href":"https:\/\/www.filex.nl\/fr\/wp-json\/wp\/v2\/product"}],"about":[{"href":"https:\/\/www.filex.nl\/fr\/wp-json\/wp\/v2\/types\/product"}],"wp:featuredmedia":[{"embeddable":true,"href":"https:\/\/www.filex.nl\/fr\/wp-json\/wp\/v2\/media\/44325"}],"wp:attachment":[{"href":"https:\/\/www.filex.nl\/fr\/wp-json\/wp\/v2\/media?parent=44344"}],"wp:term":[{"taxonomy":"product_brand","embeddable":true,"href":"https:\/\/www.filex.nl\/fr\/wp-json\/wp\/v2\/product_brand?post=44344"},{"taxonomy":"product_cat","embeddable":true,"href":"https:\/\/www.filex.nl\/fr\/wp-json\/wp\/v2\/product_cat?post=44344"},{"taxonomy":"product_tag","embeddable":true,"href":"https:\/\/www.filex.nl\/fr\/wp-json\/wp\/v2\/product_tag?post=44344"}],"curies":[{"name":"wp","href":"https:\/\/api.w.org\/{rel}","templated":true}]}}