{"id":52851,"date":"2025-04-08T15:15:36","date_gmt":"2025-04-08T15:15:37","guid":{"rendered":"https:\/\/www.filex.nl\/?post_type=product&#038;p=52851"},"modified":"2025-09-06T21:19:07","modified_gmt":"2025-09-06T21:19:07","slug":"rail-mural-galaxy-80cm","status":"publish","type":"product","link":"https:\/\/www.filex.nl\/fr\/produit\/rail-mural-galaxy-80cm\/","title":{"rendered":"Rail mural Galaxy 80cm"},"content":{"rendered":"<ul>\n<li>Se fixe solidement au mur pour une installation avec un gain de place.<\/li>\n<li>Compatible avec plusieurs composants de la gamme Galaxy pour un espace de travail modulaire.<\/li>\n<li>Supporte des configurations \u00e0 un ou plusieurs \u00e9crans.<\/li>\n<li>Id\u00e9al pour les bureaux \u00e0 domicile, les environnements professionnels et les espaces collaboratifs.<\/li>\n<li>Installation flexible \u2013 montage horizontal ou vertical.<\/li>\n<li>Am\u00e9liore la gestion des c\u00e2bles lorsqu&#8217;il est associ\u00e9 aux accessoires Galaxy.<\/li>\n<li>Offre une base robuste pour un positionnement ergonomique des \u00e9crans.<\/li>\n<li>Vis et chevilles incluses.<\/li>\n<li>Disponible en noir et blanc.<\/li>\n<\/ul>\n","protected":false},"excerpt":{"rendered":"<ul>\n<li>Rail de 80 cm \u00e0 fixer au mur.<\/li>\n<li>Permet de cr\u00e9er des configurations \u00e0 deux \u00e9crans en disposition horizontale ou verticale.<\/li>\n<li>Offre un espace de travail ergonomique mont\u00e9 au mur.<\/li>\n<\/ul>\n","protected":false},"featured_media":52866,"template":"","meta":{"_acf_changed":false},"product_brand":[],"product_cat":[623,534,651,654,662],"product_tag":[],"class_list":{"0":"post-52851","1":"product","2":"type-product","3":"status-publish","4":"has-post-thumbnail","6":"product_cat-galaxy-onderdelen-fr","7":"product_cat-fixations-et-options","8":"product_cat-galaxy-serie-fr","9":"product_cat-galaxy-toolbars-fr","10":"product_cat-toolbars","11":"pa_kleur-blanc","12":"pa_kleur-noir","14":"first","15":"instock","16":"shipping-taxable","17":"purchasable","18":"product-type-variable","19":"has-default-attributes"},"acf":[],"_links":{"self":[{"href":"https:\/\/www.filex.nl\/fr\/wp-json\/wp\/v2\/product\/52851","targetHints":{"allow":["GET"]}}],"collection":[{"href":"https:\/\/www.filex.nl\/fr\/wp-json\/wp\/v2\/product"}],"about":[{"href":"https:\/\/www.filex.nl\/fr\/wp-json\/wp\/v2\/types\/product"}],"wp:featuredmedia":[{"embeddable":true,"href":"https:\/\/www.filex.nl\/fr\/wp-json\/wp\/v2\/media\/52866"}],"wp:attachment":[{"href":"https:\/\/www.filex.nl\/fr\/wp-json\/wp\/v2\/media?parent=52851"}],"wp:term":[{"taxonomy":"product_brand","embeddable":true,"href":"https:\/\/www.filex.nl\/fr\/wp-json\/wp\/v2\/product_brand?post=52851"},{"taxonomy":"product_cat","embeddable":true,"href":"https:\/\/www.filex.nl\/fr\/wp-json\/wp\/v2\/product_cat?post=52851"},{"taxonomy":"product_tag","embeddable":true,"href":"https:\/\/www.filex.nl\/fr\/wp-json\/wp\/v2\/product_tag?post=52851"}],"curies":[{"name":"wp","href":"https:\/\/api.w.org\/{rel}","templated":true}]}}