{"id":52946,"date":"2025-04-09T06:26:16","date_gmt":"2025-04-09T06:26:18","guid":{"rendered":"https:\/\/www.filex.nl\/?post_type=product&#038;p=52946"},"modified":"2025-04-30T12:36:16","modified_gmt":"2025-04-30T12:36:16","slug":"support-de-fixation-galaxy-pour-rail","status":"publish","type":"product","link":"https:\/\/www.filex.nl\/fr\/produit\/support-de-fixation-galaxy-pour-rail\/","title":{"rendered":"Support de fixation Galaxy pour rail"},"content":{"rendered":"<ul>\n<li>S\u2019int\u00e8gre parfaitement aux bureaux avec des syst\u00e8mes de rails pour une installation stable de bras \u00e9cran.<\/li>\n<li>Design compact mais robuste pour un montage optimis\u00e9 et peu encombrant.<\/li>\n<li>Compatible avec la gamme modulaire Galaxy pour une solution de poste de travail sur mesure.<\/li>\n<li>Am\u00e9liore l\u2019ergonomie en permettant un positionnement optimal de l\u2019\u00e9cran.<\/li>\n<li>Supporte plusieurs configurations de bras \u00e9cran pour des espaces de travail flexibles.<\/li>\n<li>Installation rapide et facile avec un ajustement s\u00e9curis\u00e9.<\/li>\n<li>D\u00e9sencombre les bureaux en maintenant les \u00e9crans hors de la surface de travail.<\/li>\n<li>Disponible en noir et blanc.<\/li>\n<\/ul>\n","protected":false},"excerpt":{"rendered":"<ul>\n<li>Petit support pouvant \u00eatre fix\u00e9 sur la plupart des syst\u00e8mes de rail.<\/li>\n<li>Permet de cr\u00e9er une configuration id\u00e9ale de bras \u00e9cran avec Galaxy.<\/li>\n<li>Compatibilit\u00e9 universelle.<\/li>\n<\/ul>\n","protected":false},"featured_media":56662,"template":"","meta":{"_acf_changed":false},"product_brand":[],"product_cat":[623,534,651,654,662],"product_tag":[],"class_list":{"0":"post-52946","1":"product","2":"type-product","3":"status-publish","4":"has-post-thumbnail","6":"product_cat-galaxy-onderdelen-fr","7":"product_cat-fixations-et-options","8":"product_cat-galaxy-serie-fr","9":"product_cat-galaxy-toolbars-fr","10":"product_cat-toolbars","11":"pa_kleur-argent","12":"pa_kleur-blanc","13":"pa_kleur-noir","15":"first","16":"instock","17":"shipping-taxable","18":"purchasable","19":"product-type-variable","20":"has-default-attributes"},"acf":[],"_links":{"self":[{"href":"https:\/\/www.filex.nl\/fr\/wp-json\/wp\/v2\/product\/52946","targetHints":{"allow":["GET"]}}],"collection":[{"href":"https:\/\/www.filex.nl\/fr\/wp-json\/wp\/v2\/product"}],"about":[{"href":"https:\/\/www.filex.nl\/fr\/wp-json\/wp\/v2\/types\/product"}],"wp:featuredmedia":[{"embeddable":true,"href":"https:\/\/www.filex.nl\/fr\/wp-json\/wp\/v2\/media\/56662"}],"wp:attachment":[{"href":"https:\/\/www.filex.nl\/fr\/wp-json\/wp\/v2\/media?parent=52946"}],"wp:term":[{"taxonomy":"product_brand","embeddable":true,"href":"https:\/\/www.filex.nl\/fr\/wp-json\/wp\/v2\/product_brand?post=52946"},{"taxonomy":"product_cat","embeddable":true,"href":"https:\/\/www.filex.nl\/fr\/wp-json\/wp\/v2\/product_cat?post=52946"},{"taxonomy":"product_tag","embeddable":true,"href":"https:\/\/www.filex.nl\/fr\/wp-json\/wp\/v2\/product_tag?post=52946"}],"curies":[{"name":"wp","href":"https:\/\/api.w.org\/{rel}","templated":true}]}}