{"id":53000,"date":"2025-04-09T06:36:13","date_gmt":"2025-04-09T06:36:14","guid":{"rendered":"https:\/\/www.filex.nl\/?post_type=product&#038;p=53000"},"modified":"2025-04-30T12:34:02","modified_gmt":"2025-04-30T12:34:02","slug":"support-universel-galaxy-systeme-de-rail-mur","status":"publish","type":"product","link":"https:\/\/www.filex.nl\/fr\/produit\/support-universel-galaxy-systeme-de-rail-mur\/","title":{"rendered":"Support universel Galaxy syst\u00e8me de rail\/mur"},"content":{"rendered":"<ul>\n<li>Support polyvalent pour fixer les bras \u00e9cran aux murs, aux barres d\u2019outils ou aux syst\u00e8mes de rail.<\/li>\n<li>Design compact et robuste pour des installations optimis\u00e9es et peu encombrantes.<\/li>\n<li>Permet un positionnement ergonomique des \u00e9crans pour am\u00e9liorer la productivit\u00e9.<\/li>\n<li>Compatible avec les bras \u00e9cran Galaxy pour une installation harmonieuse.<\/li>\n<li>Installation rapide et facile avec un ajustement s\u00e9curis\u00e9.<\/li>\n<li>Contribue \u00e0 un espace de travail organis\u00e9 et d\u00e9gag\u00e9.<\/li>\n<li>Disponible en noir et blanc.<\/li>\n<\/ul>\n","protected":false},"excerpt":{"rendered":"<ul>\n<li>Support universel permettant l\u2019installation d\u2019un bras \u00e9cran fix\u00e9 au mur ou \u00e0 une barre d\u2019outils.<\/li>\n<li>Multifonctionnel, petit et compact.<\/li>\n<li>Permet de configurer un bras \u00e9cran Galaxy sp\u00e9cifique.<\/li>\n<\/ul>\n","protected":false},"featured_media":56658,"template":"","meta":{"_acf_changed":false},"product_brand":[],"product_cat":[623,534,651,654,662],"product_tag":[],"class_list":{"0":"post-53000","1":"product","2":"type-product","3":"status-publish","4":"has-post-thumbnail","6":"product_cat-galaxy-onderdelen-fr","7":"product_cat-fixations-et-options","8":"product_cat-galaxy-serie-fr","9":"product_cat-galaxy-toolbars-fr","10":"product_cat-toolbars","11":"pa_kleur-argent","12":"pa_kleur-blanc","13":"pa_kleur-noir","15":"first","16":"instock","17":"shipping-taxable","18":"purchasable","19":"product-type-variable","20":"has-default-attributes"},"acf":[],"_links":{"self":[{"href":"https:\/\/www.filex.nl\/fr\/wp-json\/wp\/v2\/product\/53000","targetHints":{"allow":["GET"]}}],"collection":[{"href":"https:\/\/www.filex.nl\/fr\/wp-json\/wp\/v2\/product"}],"about":[{"href":"https:\/\/www.filex.nl\/fr\/wp-json\/wp\/v2\/types\/product"}],"wp:featuredmedia":[{"embeddable":true,"href":"https:\/\/www.filex.nl\/fr\/wp-json\/wp\/v2\/media\/56658"}],"wp:attachment":[{"href":"https:\/\/www.filex.nl\/fr\/wp-json\/wp\/v2\/media?parent=53000"}],"wp:term":[{"taxonomy":"product_brand","embeddable":true,"href":"https:\/\/www.filex.nl\/fr\/wp-json\/wp\/v2\/product_brand?post=53000"},{"taxonomy":"product_cat","embeddable":true,"href":"https:\/\/www.filex.nl\/fr\/wp-json\/wp\/v2\/product_cat?post=53000"},{"taxonomy":"product_tag","embeddable":true,"href":"https:\/\/www.filex.nl\/fr\/wp-json\/wp\/v2\/product_tag?post=53000"}],"curies":[{"name":"wp","href":"https:\/\/api.w.org\/{rel}","templated":true}]}}