{"id":53115,"date":"2025-04-09T08:07:07","date_gmt":"2025-04-09T08:07:09","guid":{"rendered":"https:\/\/www.filex.nl\/?post_type=product&#038;p=53115"},"modified":"2025-04-30T12:30:47","modified_gmt":"2025-04-30T12:30:47","slug":"power-block-2-0","status":"publish","type":"product","link":"https:\/\/www.filex.nl\/fr\/produit\/power-block-2-0\/","title":{"rendered":"Power Block 2.0"},"content":{"rendered":"<ul>\n<li>Bloc multiprises avec connexions \u00e9lectriques essentielles pour l&#8217;espace de travail<\/li>\n<li>Comprend 3 prises 230V (type F)<\/li>\n<li>Option pour 4, 5 ou 6 prises 230V \u00e9galement disponible<\/li>\n<li>L&#8217;unit\u00e9 s&#8217;ins\u00e8re dans un chemin de c\u00e2bles<\/li>\n<li>Peut \u00e9galement \u00eatre mont\u00e9 sur ou sous un bureau (vis non incluses)<\/li>\n<li>Entr\u00e9e et sortie c<span data-teams=\"true\">onnecteur enfichable 3 p\u00f4les<\/span> incluses<\/li>\n<li>Fourni en noir<\/li>\n<\/ul>\n","protected":false},"excerpt":{"rendered":"<ul>\n<li>Fits into cable tray or mounts to a desktop<\/li>\n<li>Includes 3 x 230V power sockets (Type F)<\/li>\n<li>Available with 3, 4, 5 and 6 sockets<\/li>\n<\/ul>\n","protected":false},"featured_media":54759,"template":"","meta":{"_acf_changed":false},"product_brand":[],"product_cat":[566,576,583],"product_tag":[],"class_list":{"0":"post-53115","1":"product","2":"type-product","3":"status-publish","4":"has-post-thumbnail","6":"product_cat-electrification","7":"product_cat-onderbouw-fr","8":"product_cat-stekkerblokken-fr","10":"first","11":"instock","12":"shipping-taxable","13":"purchasable","14":"product-type-variable","15":"has-default-attributes"},"acf":[],"_links":{"self":[{"href":"https:\/\/www.filex.nl\/fr\/wp-json\/wp\/v2\/product\/53115","targetHints":{"allow":["GET"]}}],"collection":[{"href":"https:\/\/www.filex.nl\/fr\/wp-json\/wp\/v2\/product"}],"about":[{"href":"https:\/\/www.filex.nl\/fr\/wp-json\/wp\/v2\/types\/product"}],"wp:featuredmedia":[{"embeddable":true,"href":"https:\/\/www.filex.nl\/fr\/wp-json\/wp\/v2\/media\/54759"}],"wp:attachment":[{"href":"https:\/\/www.filex.nl\/fr\/wp-json\/wp\/v2\/media?parent=53115"}],"wp:term":[{"taxonomy":"product_brand","embeddable":true,"href":"https:\/\/www.filex.nl\/fr\/wp-json\/wp\/v2\/product_brand?post=53115"},{"taxonomy":"product_cat","embeddable":true,"href":"https:\/\/www.filex.nl\/fr\/wp-json\/wp\/v2\/product_cat?post=53115"},{"taxonomy":"product_tag","embeddable":true,"href":"https:\/\/www.filex.nl\/fr\/wp-json\/wp\/v2\/product_tag?post=53115"}],"curies":[{"name":"wp","href":"https:\/\/api.w.org\/{rel}","templated":true}]}}