{"id":53618,"date":"2025-04-09T10:09:16","date_gmt":"2025-04-09T10:09:17","guid":{"rendered":"https:\/\/www.filex.nl\/?post_type=product&#038;p=53618"},"modified":"2025-04-30T11:33:33","modified_gmt":"2025-04-30T11:33:33","slug":"desk-up-2-0-1x-230v-avec-usb-a-c-30w","status":"publish","type":"product","link":"https:\/\/www.filex.nl\/fr\/produit\/desk-up-2-0-1x-230v-avec-usb-a-c-30w\/","title":{"rendered":"Desk Up\u00ae 2.0 &#8211; 1x 230V avec USB A \/C (30W)"},"content":{"rendered":"<ul>\n<li>Cette unit\u00e9 Desk Up\u00ae 2.0, \u00e9l\u00e9gante et moderne, a \u00e9t\u00e9 con\u00e7ue dans un souci de convivialit\u00e9<\/li>\n<li>Il permet un acc\u00e8s facile \u00e0 l&#8217;alimentation \u00e9lectrique de l&#8217;espace de travail.<\/li>\n<li>\u00c9quip\u00e9 d&#8217;une prise 230V (type F) et d&#8217;un double chargeur USB, qui comprend une connexion USB-A et une connexion USB-C.<\/li>\n<li>L&#8217;USB-C charge jusqu&#8217;\u00e0 30 W, ce qui permet de recharger rapidement les t\u00e9l\u00e9phones portables et autres accessoires portables.<\/li>\n<li>Unit\u00e9 de montage \u00e9quip\u00e9e de deux pinces pour les bureaux d&#8217;une \u00e9paisseur maximale de 50 mm<\/li>\n<li>Facile \u00e0 fixer par le haut &#8211; aucun outil n&#8217;est n\u00e9cessaire<\/li>\n<li>Fourni avec un c\u00e2ble de 1 m et une prise c<span data-teams=\"true\">onnecteur enfichable 3 p\u00f4les<\/span><\/li>\n<li>Disponible en noir ou en blanc<\/li>\n<\/ul>\n","protected":false},"excerpt":{"rendered":"<ul>\n<li>Solution d&#8217;alimentation de bureau<\/li>\n<li>1 prise 230V (type F), 1 port USB-A et 1 port USB-C<\/li>\n<li>Le port USB-C charge jusqu&#8217;\u00e0 30 W<\/li>\n<\/ul>\n","protected":false},"featured_media":53577,"template":"","meta":{"_acf_changed":false},"product_brand":[],"product_cat":[638,642,566],"product_tag":[],"class_list":{"0":"post-53618","1":"product","2":"type-product","3":"status-publish","4":"has-post-thumbnail","6":"product_cat-desk-up-2-0-elektrificatie-fr","7":"product_cat-electrification-desk-up","8":"product_cat-electrification","9":"pa_kleur-blanc","10":"pa_kleur-noir","12":"first","13":"instock","14":"shipping-taxable","15":"purchasable","16":"product-type-variable","17":"has-default-attributes"},"acf":[],"_links":{"self":[{"href":"https:\/\/www.filex.nl\/fr\/wp-json\/wp\/v2\/product\/53618","targetHints":{"allow":["GET"]}}],"collection":[{"href":"https:\/\/www.filex.nl\/fr\/wp-json\/wp\/v2\/product"}],"about":[{"href":"https:\/\/www.filex.nl\/fr\/wp-json\/wp\/v2\/types\/product"}],"wp:featuredmedia":[{"embeddable":true,"href":"https:\/\/www.filex.nl\/fr\/wp-json\/wp\/v2\/media\/53577"}],"wp:attachment":[{"href":"https:\/\/www.filex.nl\/fr\/wp-json\/wp\/v2\/media?parent=53618"}],"wp:term":[{"taxonomy":"product_brand","embeddable":true,"href":"https:\/\/www.filex.nl\/fr\/wp-json\/wp\/v2\/product_brand?post=53618"},{"taxonomy":"product_cat","embeddable":true,"href":"https:\/\/www.filex.nl\/fr\/wp-json\/wp\/v2\/product_cat?post=53618"},{"taxonomy":"product_tag","embeddable":true,"href":"https:\/\/www.filex.nl\/fr\/wp-json\/wp\/v2\/product_tag?post=53618"}],"curies":[{"name":"wp","href":"https:\/\/api.w.org\/{rel}","templated":true}]}}