{"id":53677,"date":"2025-04-09T10:20:22","date_gmt":"2025-04-09T10:20:24","guid":{"rendered":"https:\/\/www.filex.nl\/?post_type=product&#038;p=53677"},"modified":"2025-04-30T11:29:04","modified_gmt":"2025-04-30T11:29:04","slug":"desk-up-2-0-2x-230v-avec-usb-a-c-30w-et-keystone","status":"publish","type":"product","link":"https:\/\/www.filex.nl\/fr\/produit\/desk-up-2-0-2x-230v-avec-usb-a-c-30w-et-keystone\/","title":{"rendered":"Desk Up\u00ae 2.0 &#8211; 2x 230V avec USB A \/C (30W) et Keystone"},"content":{"rendered":"<ul>\n<li>SUnit\u00e9 d&#8217;alimentation pratique sur le bureau pour l&#8217;espace de travail moderne.<\/li>\n<li>Fourni avec 2 prises 230V (type F), des ports USB-A\/C et un cadre en forme de cl\u00e9 de vo\u00fbte.<\/li>\n<li>La fen\u00eatre keystone peut accueillir deux keystones interchangeables : RJ45, CAT6A, USB 2.0\/3.0, HDMI ou juste 1 support de c\u00e2ble (vendu s\u00e9par\u00e9ment).<\/li>\n<li>Le port USB-C offre une charge rapide jusqu&#8217;\u00e0 30 W (pour les t\u00e9l\u00e9phones portables et autres appareils de petite taille).<\/li>\n<li>Autres configurations d&#8217;alimentation disponibles<\/li>\n<li>S&#8217;adapte aux ordinateurs de bureau d&#8217;une \u00e9paisseur maximale de 50 mm.<\/li>\n<li>Installation rapide gr\u00e2ce \u00e0 la pince de fixation sup\u00e9rieure<\/li>\n<li>Comprend un c\u00e2ble de 1 m avec une prise <span data-teams=\"true\">Connecteur enfichable 3 p\u00f4les<\/span>.<\/li>\n<li>Construit pour durer avec une garantie compl\u00e8te de 5 ans.<\/li>\n<\/ul>\n","protected":false},"excerpt":{"rendered":"<ul>\n<li>Solution d&#8217;alimentation multifonctionnelle sur le bureau.<\/li>\n<li>Chargement rapide jusqu&#8217;\u00e0 30 W via le port USB-C<\/li>\n<li>Deux points d&#8217;alimentation 230V (type F) + chargeurs USB-A et USB-C<\/li>\n<\/ul>\n","protected":false},"featured_media":53638,"template":"","meta":{"_acf_changed":false},"product_brand":[],"product_cat":[638,642,566],"product_tag":[],"class_list":{"0":"post-53677","1":"product","2":"type-product","3":"status-publish","4":"has-post-thumbnail","6":"product_cat-desk-up-2-0-elektrificatie-fr","7":"product_cat-electrification-desk-up","8":"product_cat-electrification","9":"pa_kleur-blanc","10":"pa_kleur-noir","12":"first","13":"instock","14":"shipping-taxable","15":"purchasable","16":"product-type-variable","17":"has-default-attributes"},"acf":[],"_links":{"self":[{"href":"https:\/\/www.filex.nl\/fr\/wp-json\/wp\/v2\/product\/53677","targetHints":{"allow":["GET"]}}],"collection":[{"href":"https:\/\/www.filex.nl\/fr\/wp-json\/wp\/v2\/product"}],"about":[{"href":"https:\/\/www.filex.nl\/fr\/wp-json\/wp\/v2\/types\/product"}],"wp:featuredmedia":[{"embeddable":true,"href":"https:\/\/www.filex.nl\/fr\/wp-json\/wp\/v2\/media\/53638"}],"wp:attachment":[{"href":"https:\/\/www.filex.nl\/fr\/wp-json\/wp\/v2\/media?parent=53677"}],"wp:term":[{"taxonomy":"product_brand","embeddable":true,"href":"https:\/\/www.filex.nl\/fr\/wp-json\/wp\/v2\/product_brand?post=53677"},{"taxonomy":"product_cat","embeddable":true,"href":"https:\/\/www.filex.nl\/fr\/wp-json\/wp\/v2\/product_cat?post=53677"},{"taxonomy":"product_tag","embeddable":true,"href":"https:\/\/www.filex.nl\/fr\/wp-json\/wp\/v2\/product_tag?post=53677"}],"curies":[{"name":"wp","href":"https:\/\/api.w.org\/{rel}","templated":true}]}}