{"id":54515,"date":"2025-04-22T08:12:59","date_gmt":"2025-04-22T08:13:00","guid":{"rendered":"https:\/\/www.filex.nl\/?post_type=product&#038;p=54515"},"modified":"2025-09-06T21:19:08","modified_gmt":"2025-09-06T21:19:08","slug":"power-spot-slide","status":"publish","type":"product","link":"https:\/\/www.filex.nl\/fr\/produit\/power-spot-slide\/","title":{"rendered":"Power-Spot\u00ae Slide"},"content":{"rendered":"<ul>\n<li>Con\u00e7u pour s&#8217;ins\u00e9rer dans les plans de travail pour un aspect propre et int\u00e9gr\u00e9<\/li>\n<li>Le couvercle coulissant cache et prot\u00e8ge les prises de courant lorsqu&#8217;il n&#8217;est pas utilis\u00e9<\/li>\n<li>Comprend un port USB-C avec 30W Power Delivery &#8211; charge rapide des tablettes et des t\u00e9l\u00e9phones<\/li>\n<li>Port USB-A suppl\u00e9mentaire pour une compatibilit\u00e9 flexible avec les appareils<\/li>\n<li>Une prise de courant : disponible en type F (Schuko) et en type E<\/li>\n<li>Disponible en noir et en blanc pour s&#8217;adapter \u00e0 tous les int\u00e9rieurs<\/li>\n<li>Id\u00e9al pour les bureaux, les tables de r\u00e9union et les zones de hotdesking<\/li>\n<li>Livr\u00e9 avec un c\u00e2ble de 1,5 m et un connecteur \u00e0 3 p\u00f4les<\/li>\n<li>Comprend une garantie de 5 ans<\/li>\n<\/ul>\n","protected":false},"excerpt":{"rendered":"<ul>\n<li>Chargement USB-C PD 30W et USB-A (Type F)<\/li>\n<li>Couvercle coulissant pour un look sans encombrement<\/li>\n<li>S&#8217;encastre dans les plans de travail de 60 mm<\/li>\n<\/ul>\n","protected":false},"featured_media":55223,"template":"","meta":{"_acf_changed":false},"product_brand":[],"product_cat":[656,566,569],"product_tag":[],"class_list":{"0":"post-54515","1":"product","2":"type-product","3":"status-publish","4":"has-post-thumbnail","6":"product_cat-electrification-power-spot","7":"product_cat-electrification","8":"product_cat-inbouw-fr","9":"pa_kleur-blanc","10":"pa_kleur-noir","12":"first","13":"instock","14":"shipping-taxable","15":"purchasable","16":"product-type-variable","17":"has-default-attributes"},"acf":[],"_links":{"self":[{"href":"https:\/\/www.filex.nl\/fr\/wp-json\/wp\/v2\/product\/54515","targetHints":{"allow":["GET"]}}],"collection":[{"href":"https:\/\/www.filex.nl\/fr\/wp-json\/wp\/v2\/product"}],"about":[{"href":"https:\/\/www.filex.nl\/fr\/wp-json\/wp\/v2\/types\/product"}],"wp:featuredmedia":[{"embeddable":true,"href":"https:\/\/www.filex.nl\/fr\/wp-json\/wp\/v2\/media\/55223"}],"wp:attachment":[{"href":"https:\/\/www.filex.nl\/fr\/wp-json\/wp\/v2\/media?parent=54515"}],"wp:term":[{"taxonomy":"product_brand","embeddable":true,"href":"https:\/\/www.filex.nl\/fr\/wp-json\/wp\/v2\/product_brand?post=54515"},{"taxonomy":"product_cat","embeddable":true,"href":"https:\/\/www.filex.nl\/fr\/wp-json\/wp\/v2\/product_cat?post=54515"},{"taxonomy":"product_tag","embeddable":true,"href":"https:\/\/www.filex.nl\/fr\/wp-json\/wp\/v2\/product_tag?post=54515"}],"curies":[{"name":"wp","href":"https:\/\/api.w.org\/{rel}","templated":true}]}}