{"id":54684,"date":"2025-04-24T11:48:01","date_gmt":"2025-04-24T11:48:02","guid":{"rendered":"https:\/\/www.filex.nl\/?post_type=product&#038;p=54684"},"modified":"2025-09-06T21:19:08","modified_gmt":"2025-09-06T21:19:08","slug":"power-desk-up-2-0-2x-230v-2x-usb-c","status":"publish","type":"product","link":"https:\/\/www.filex.nl\/fr\/produit\/power-desk-up-2-0-2x-230v-2x-usb-c\/","title":{"rendered":"Power Desk Up\u00ae 2.0 &#8211; 2x 230V, 2x USB-C"},"content":{"rendered":"<ul>\n<li>Se monte sur le bureau, ce qui permet d&#8217;acc\u00e9der facilement \u00e0 l&#8217;alimentation.<\/li>\n<li>\u00c9quip\u00e9 de 2 prises 230V (type F) et d&#8217;un double chargeur USB-C<\/li>\n<li>L&#8217;USB-C charge jusqu&#8217;\u00e0 30 W, ce qui permet de recharger rapidement les t\u00e9l\u00e9phones portables et autres accessoires portables.<\/li>\n<li>Unit\u00e9 de montage \u00e9quip\u00e9e de deux pinces pour les bureaux d&#8217;une \u00e9paisseur maximale de 50 mm<\/li>\n<li>Facile \u00e0 fixer par le haut<\/li>\n<li>Fourni avec un c\u00e2ble de 1 m et une prise \u00e0 3 p\u00f4les<\/li>\n<li>Disponible en noir ou en blanc<\/li>\n<\/ul>\n","protected":false},"excerpt":{"rendered":"<ul>\n<li>Desktop Power Solution<\/li>\n<li>Prise 2 x 230V (type F), deux ports USB-C<\/li>\n<li>USB-C charge jusqu&#8217;\u00e0 30W<\/li>\n<\/ul>\n","protected":false},"featured_media":54695,"template":"","meta":{"_acf_changed":false},"product_brand":[],"product_cat":[638,642,566,577],"product_tag":[],"class_list":{"0":"post-54684","1":"product","2":"type-product","3":"status-publish","4":"has-post-thumbnail","6":"product_cat-desk-up-2-0-elektrificatie-fr","7":"product_cat-electrification-desk-up","8":"product_cat-electrification","9":"product_cat-opbouw-fr","10":"pa_kleur-blanc","11":"pa_kleur-noir","13":"first","14":"instock","15":"shipping-taxable","16":"purchasable","17":"product-type-variable","18":"has-default-attributes"},"acf":[],"_links":{"self":[{"href":"https:\/\/www.filex.nl\/fr\/wp-json\/wp\/v2\/product\/54684","targetHints":{"allow":["GET"]}}],"collection":[{"href":"https:\/\/www.filex.nl\/fr\/wp-json\/wp\/v2\/product"}],"about":[{"href":"https:\/\/www.filex.nl\/fr\/wp-json\/wp\/v2\/types\/product"}],"wp:featuredmedia":[{"embeddable":true,"href":"https:\/\/www.filex.nl\/fr\/wp-json\/wp\/v2\/media\/54695"}],"wp:attachment":[{"href":"https:\/\/www.filex.nl\/fr\/wp-json\/wp\/v2\/media?parent=54684"}],"wp:term":[{"taxonomy":"product_brand","embeddable":true,"href":"https:\/\/www.filex.nl\/fr\/wp-json\/wp\/v2\/product_brand?post=54684"},{"taxonomy":"product_cat","embeddable":true,"href":"https:\/\/www.filex.nl\/fr\/wp-json\/wp\/v2\/product_cat?post=54684"},{"taxonomy":"product_tag","embeddable":true,"href":"https:\/\/www.filex.nl\/fr\/wp-json\/wp\/v2\/product_tag?post=54684"}],"curies":[{"name":"wp","href":"https:\/\/api.w.org\/{rel}","templated":true}]}}